{"id":6627,"date":"2023-11-27T07:21:07","date_gmt":"2023-11-27T07:21:07","guid":{"rendered":"http:\/\/194.126.11.162\/?page_id=6627"},"modified":"2024-04-03T08:34:04","modified_gmt":"2024-04-03T08:34:04","slug":"bibliotheque-isf","status":"publish","type":"page","link":"https:\/\/isf.gov.lb\/fr\/bibliotheque-isf\/","title":{"rendered":"Biblioth\u00e8que ISF"},"content":{"rendered":"\r\n<section class=\"w-100 py-5 bg-cover bg-center bg-repeat-none d-flex align-items-end justify-content-center\" style=\"background-image: linear-gradient(to bottom right, rgba(255, 255, 255, 0.3), rgba(0, 84, 158, 0.3)), url('https:\/\/isf.gov.lb\/wp-content\/uploads\/2023\/10\/desktop-banner-2.png');height:40%\">\r\n    <h1 class=\"text-white fw-bold text-xl text-center text-capitalize\">\r\n        Membres de l&rsquo;ISF    <\/h1>\r\n<\/section>\n\n<section class=\"w-100 pt-5 bg-cover bg-center bg-repeat-none bg-light\" style=\"background-image: url(https:\/\/isf.gov.lb\/wp-content\/themes\/ISF\/resources\/images\/lines_background.png);\" id=\"complaintsAgainstISFMembersSection\">\r\n    <div class=\"d-flex flex-column align-items-center justify-content-center pb-5\">\r\n        <h2 class=\"isf-text-primary fw-bold\" style=\"color:Biblioth\u00e8que ISF\">\r\n            Biblioth\u00e8que ISF        <\/h2>\r\n        <div class=\"row justify-content-center w-25\">\r\n            <hr class=\"isf-text-primary col-1 mt-3 border-3 opacity-100\" \/>\r\n        <\/div>\r\n    <\/div>\r\n        <div class=\"container\">\r\n        <div class=\"card bg-transparent border-0\">\r\n            <div class=\"card-header bg-transparent pt-4\">\r\n                <ul role=\"tablist\" class=\"nav nav-justified nav-tabs justify-content-md-center card-header-tabs\" style=\"flex-wrap:nowrap;text-wrap:nowrap;\">\r\n                    <li class=\"col-lg-4 text-center nav-item\" role=\"presentation\">\r\n                        <a onclick=\"toggleTab('about',this)\" class=\"nav-link fs-5 btn fw-bold rounded-top-3 text-dark active\">\r\n                            \u00c0 propos de la biblioth\u00e8que                        <\/a>\r\n                    <\/li>\r\n                    <li class=\"col-lg-4 text-center nav-item\" role=\"presentation\">\r\n                        <a onclick=\"toggleTab('search',this)\" class=\"nav-link fs-5 btn fw-bold rounded-top-3 text-dark \">\r\n                            Biblioth\u00e8que \u00e9lectronique                        <\/a>\r\n                    <\/li>\r\n                <\/ul>\r\n            <\/div>\r\n        <\/div>\r\n    <\/div>\r\n<\/section>\r\n<section class=\"w-100 py-5 bg-cover bg-center bg-repeat-none isf-gradient-light\">\r\n    <!-- <div class=\"d-flex flex-column align-items-center justify-content-center\">\r\n        <h2 class=\"fw-bold isf-text-primary\">\r\n            Biblioth\u00e8que ISF        <\/h2>\r\n        <div class=\"row justify-content-center w-25\">\r\n            <hr class=\"col-1 mt-3 border-3 isf-border-primary opacity-100\" \/>\r\n        <\/div>\r\n    <\/div>\r\n    <div class=\"row w-100 justify-content-center m-0 mb-4\">\r\n        <div class=\"col-lg-4 my-3\">\r\n            <ul class=\"nav nav-pills nav-justified row\" role=\"tablist\">\r\n                <li class=\"nav-item col-lg-8 col-12 news-tab mb-2\" role=\"presentation\">\r\n                    <a href=\"#\" onclick=\"toggleTab('about',this)\" class=\"nav-link btn btn-primary border-0 fs-5 fw-bold rounded-pill active tab-btn\">\r\n                        \u00c0 propos de la biblioth\u00e8que                    <\/a>\r\n                <\/li>\r\n                <li class=\"nav-item col-lg-8 col-12 news-tab mb-2\" role=\"presentation\">\r\n                    <a href=\"#\" onclick=\"toggleTab('search',this)\" class=\"nav-link btn btn-primary border-0 fs-5 fw-bold rounded-pill  tab-btn\">\r\n                        Biblioth\u00e8que \u00e9lectronique                    <\/a>\r\n                <\/li>\r\n            <\/ul>\r\n        <\/div>\r\n    <\/div> -->\r\n    <div id=\"aboutPane\" class=\"container tab-pane mb-5 \">\r\n        <div class=\"hr-sect-primary fw-bold fs-4 mb-3\">\r\n            Aper\u00e7u historique        <\/div>\r\n        <div class=\"row row m-0 justify-content-center align-items-start px-3 g-4\">\r\n            <div class=\"col-lg-6\">\r\n                <img decoding=\"async\" class=\"w-100 h-100 object-fit-cover rounded-2 rounded-bottom-start-4\" src=\"https:\/\/isf.gov.lb\/wp-content\/uploads\/2023\/10\/U3AUF5PKYNLUBOHXT4524VO4TQ.jpg\">\r\n            <\/div>\r\n            <div class=\"col-lg-6 d-flex flex-column justify-content-between\">\r\n                <p class=\"lh-lg m-0\">\r\n                    <p style=\"font-size:16px; direction:ltr;\">A la fin de la Premi\u00e8re Guerre mondiale, les officiers fran\u00e7ais cr\u00e9ent le d\u00e9tachement<br \/>\nUne \u00e9cole d&rsquo;officiers et de sous-officiers fut transf\u00e9r\u00e9e \u00e0 la Gendarmerie libanaise \u00e0 Baabda, puis elle fut transf\u00e9r\u00e9e en 1920 \u00e0 Betdin. Une biblioth\u00e8que fut cr\u00e9\u00e9e rattach\u00e9e \u00e0 l&rsquo;\u00e9cole, regorgeant de litt\u00e9rature administrative, historique et scientifique utile. Les officiers et les soldats le lisaient en \u00e9change d&rsquo;un abonnement mensuel pr\u00e9lev\u00e9 sur leur salaire, et la valeur de ces abonnements permettait d&rsquo;acheter de nouveaux livres \u00e0 ajouter \u00e0 la biblioth\u00e8que. Puis \u00e0 la caserne Barbar al-Khazen \u00e0 Verdun, qui contenait de nombreux livres arabes et fran\u00e7ais. La biblioth\u00e8que a ensuite \u00e9t\u00e9 transf\u00e9r\u00e9e. Elle n&rsquo;a connu un d\u00e9veloppement notable qu&rsquo;apr\u00e8s avoir install\u00e9 son si\u00e8ge dans la caserne Emile Al-Helou en 1997. Deux biblioth\u00e8ques annexes qui lui sont affili\u00e9es ont \u00e9t\u00e9 cr\u00e9\u00e9es \u00e0 Nabatieh et dans le Nord. Plus tard, la biblioth\u00e8que abrite plus de 14 000 livres et de nombreuses encyclop\u00e9dies en arabe, fran\u00e7ais et anglais, notamment dans les langues s\u00e9curitaires, culturelles et litt\u00e9raires.<\/p>\n                <\/p>\r\n            <\/div>\r\n        <\/div>\r\n        <div class=\"row justify-content-center px-3 my-5\">\r\n            <div class=\"hr-sect-primary fw-bold fs-4 mb-4\">\r\n                Filiales            <\/div>\r\n            <div class=\"row justify-content-center mb-4\">\r\n                                    <div class=\"col-lg-3 d-flex flex-column justify-content-between m-1 p-4 border border-2 isf-border-primary rounded-4\">\r\n                        <div class=\"row mb-3\">\r\n                            <div class=\"col-2\">\r\n                                <i class=\"isf-text-primary fs-5 bi bi-geo-alt\"><\/i>\r\n                            <\/div>\r\n                            <div class=\"col-10\">\r\n                                <p class=\"isf-text-primary m-0\">\r\n                                    La Biblioth\u00e8que Centrale de la Caserne Emil Helou &#8211; Beyrouth                                <\/p>\r\n                            <\/div>\r\n                        <\/div>\r\n                        <div class=\"row\">\r\n                            <div class=\"col-2\">\r\n                                <i class=\"isf-text-primary fs-5 bi bi-telephone\"><\/i>\r\n                            <\/div>\r\n                            <div class=\"col-10\">\r\n                                <p class=\"isf-text-primary m-0\">\r\n                                    01\/705144                                <\/p>\r\n                            <\/div>\r\n                        <\/div>\r\n                    <\/div>\r\n                                    <div class=\"col-lg-3 d-flex flex-column justify-content-between m-1 p-4 border border-2 isf-border-primary rounded-4\">\r\n                        <div class=\"row mb-3\">\r\n                            <div class=\"col-2\">\r\n                                <i class=\"isf-text-primary fs-5 bi bi-geo-alt\"><\/i>\r\n                            <\/div>\r\n                            <div class=\"col-10\">\r\n                                <p class=\"isf-text-primary m-0\">\r\n                                    Complexe de la biblioth\u00e8que de la succursale de Nabatieh Khaled Farhat &#8211; Nabatieh                                <\/p>\r\n                            <\/div>\r\n                        <\/div>\r\n                        <div class=\"row\">\r\n                            <div class=\"col-2\">\r\n                                <i class=\"isf-text-primary fs-5 bi bi-telephone\"><\/i>\r\n                            <\/div>\r\n                            <div class=\"col-10\">\r\n                                <p class=\"isf-text-primary m-0\">\r\n                                    07\/531192                                <\/p>\r\n                            <\/div>\r\n                        <\/div>\r\n                    <\/div>\r\n                                    <div class=\"col-lg-3 d-flex flex-column justify-content-between m-1 p-4 border border-2 isf-border-primary rounded-4\">\r\n                        <div class=\"row mb-3\">\r\n                            <div class=\"col-2\">\r\n                                <i class=\"isf-text-primary fs-5 bi bi-geo-alt\"><\/i>\r\n                            <\/div>\r\n                            <div class=\"col-10\">\r\n                                <p class=\"isf-text-primary m-0\">\r\n                                    Biblioth\u00e8que Branche Nord Caserne Antoine Obeid &#8211; Al-Qubba                                <\/p>\r\n                            <\/div>\r\n                        <\/div>\r\n                        <div class=\"row\">\r\n                            <div class=\"col-2\">\r\n                                <i class=\"isf-text-primary fs-5 bi bi-telephone\"><\/i>\r\n                            <\/div>\r\n                            <div class=\"col-10\">\r\n                                <p class=\"isf-text-primary m-0\">\r\n                                    06\/386235                                <\/p>\r\n                            <\/div>\r\n                        <\/div>\r\n                    <\/div>\r\n                            <\/div>\r\n        <\/div>\r\n    <\/div>\r\n    <div id=\"searchPane\" class=\"container tab-pane mb-5 d-none\">\r\n        <form method=\"POST\">\r\n            <div class=\"row justify-content-center\">\r\n                <div class=\"col-12 col-lg-6 d-flex flex-column justify-content-between\">\r\n                    <input required data-field=\"search_value\" value=\"\" name=\"search\" class=\"form-control form-control-lg fs-6 fw-bold rounded-pill bg-secondary-subtle border-0 my-2\" placeholder=\"Recherche\">\r\n                <\/div>\r\n                <div class=\"col-12 col-lg-6 d-flex flex-column justify-content-between\">\r\n                    <select required data-field=\"search_by\" name=\"search-by\" class=\"form-select form-select-lg fs-6 fw-bold rounded-pill bg-secondary-subtle border-0 my-2\">\r\n                        <option value=\"\" disabled>\r\n                            Rechercher par                        <\/option>\r\n                        <option value=\"book_name\" >\r\n                            Livre                        <\/option>\r\n                        <option value=\"author\" >\r\n                            Auteur                        <\/option>\r\n                        <option value=\"subject\" >\r\n                            Sujet                        <\/option>\r\n                        <option value=\"bab\" >\r\n                            Chapitre                        <\/option>\r\n                        <option value=\"publisher\" >\r\n                            Maison d&rsquo;\u00e9dition                        <\/option>\r\n                        <option value=\"all\" >\r\n                            Tous les champs                        <\/option>\r\n                    <\/select>\r\n                <\/div>\r\n            <\/div>\r\n            <div class=\"d-flex justify-content-center align-items-center flex-column mt-3\">\r\n                <button type=\"submit\" class=\"btn btn-primary isf-btn-primary isf-bg-primary text-white py-2 px-2 border-0 rounded-pill d-flex align-items-center justify-content-between mb-4 fw-bold\">\r\n                    <i class=\"bi bi-chevron-right me-4 opacity-0\"><\/i>\r\n                    Recherche                    <i class=\"bi bi-chevron-right ms-4\"><\/i>\r\n                <\/button>\r\n            <\/div>\r\n        <\/form>\r\n        <div class=\"row my-3 g-3\" id=\"resultsContainer\">\r\n                    <\/div>\r\n        <nav>\r\n            <div class=\"pagination-container\" style=\"max-width: 1000px; margin: 0 auto; overflow-x:auto\">\r\n                <ul class=\"pagination\">\r\n                                    <\/ul>\r\n            <\/div>\r\n\r\n\r\n        <\/nav>\r\n    <\/div>\r\n<\/section>\r\n\r\n<script>\r\n    $(function() {\r\n        var urlParams = new URLSearchParams(location.search);\r\n        var tab = urlParams.get('tab');\r\n        var params = \"?tab=\" + tab;\r\n        $(\"form\").attr(\"action\", location.pathname + params);\r\n    });\r\n\r\n    function toggleTab(tabId) {\r\n        let currentUrl = window.location.href;\r\n        currentUrl = new URL(currentUrl);\r\n        currentUrl.searchParams.set('tab', tabId);\r\n        window.location.href = currentUrl;\r\n    }\r\n<\/script>","protected":false},"excerpt":{"rendered":"","protected":false},"author":1,"featured_media":0,"parent":0,"menu_order":0,"comment_status":"closed","ping_status":"closed","template":"blocks-pages.php","meta":{"_monsterinsights_skip_tracking":false,"_monsterinsights_sitenote_active":false,"_monsterinsights_sitenote_note":"","_monsterinsights_sitenote_category":0,"footnotes":""},"class_list":["post-6627","page","type-page","status-publish","hentry"],"acf":[],"_links":{"self":[{"href":"https:\/\/isf.gov.lb\/fr\/wp-json\/wp\/v2\/pages\/6627","targetHints":{"allow":["GET"]}}],"collection":[{"href":"https:\/\/isf.gov.lb\/fr\/wp-json\/wp\/v2\/pages"}],"about":[{"href":"https:\/\/isf.gov.lb\/fr\/wp-json\/wp\/v2\/types\/page"}],"author":[{"embeddable":true,"href":"https:\/\/isf.gov.lb\/fr\/wp-json\/wp\/v2\/users\/1"}],"replies":[{"embeddable":true,"href":"https:\/\/isf.gov.lb\/fr\/wp-json\/wp\/v2\/comments?post=6627"}],"version-history":[{"count":2,"href":"https:\/\/isf.gov.lb\/fr\/wp-json\/wp\/v2\/pages\/6627\/revisions"}],"predecessor-version":[{"id":6629,"href":"https:\/\/isf.gov.lb\/fr\/wp-json\/wp\/v2\/pages\/6627\/revisions\/6629"}],"wp:attachment":[{"href":"https:\/\/isf.gov.lb\/fr\/wp-json\/wp\/v2\/media?parent=6627"}],"curies":[{"name":"wp","href":"https:\/\/api.w.org\/{rel}","templated":true}]}}