{"id":6257,"date":"2023-11-25T15:06:12","date_gmt":"2023-11-25T15:06:12","guid":{"rendered":"http:\/\/194.126.11.162\/?page_id=6257"},"modified":"2024-09-04T05:45:50","modified_gmt":"2024-09-04T05:45:50","slug":"plaintes-anonymes","status":"publish","type":"page","link":"https:\/\/isf.gov.lb\/fr\/plaintes-anonymes\/","title":{"rendered":"Plaintes anonymes"},"content":{"rendered":"\r\n<section class=\"w-100 py-5 bg-cover bg-center bg-repeat-none d-flex align-items-end justify-content-center\" style=\"background-image: linear-gradient(to bottom right, rgba(255, 255, 255, 0.3), rgba(0, 84, 158, 0.3)), url('https:\/\/isf.gov.lb\/wp-content\/uploads\/2024\/09\/4-citizen-services--scaled.jpg');height:40%\">\r\n    <h1 class=\"text-white fw-bold text-xl text-center text-capitalize\">\r\n        Services aux citoyens    <\/h1>\r\n<\/section>\n\n<style>\r\n    .disabled-btn {\r\n        background-color: var(--bs-btn-disabled-bg) !important;\r\n        pointer-events: none !important;\r\n        opacity: 0.65 !important;\r\n    }\r\n<\/style>\r\n    <script src=\"https:\/\/www.google.com\/recaptcha\/api.js?badge=bottomleft\"><\/script>\r\n\r\n<section id=\"balleghSection\" class=\"w-100 bg-cover bg-center bg-repeat-none bg-light\" style=\"background-image: url(https:\/\/isf.gov.lb\/wp-content\/themes\/ISF\/resources\/images\/lines_background.png);\">\r\n\r\n    <!-- <div class=\"d-flex flex-column align-items-center justify-content-center pb-5\">\r\n        <h2 class=\"fw-bold isf-text-primary\">Plaintes anonymes<\/h2>\r\n        <div class=\"row justify-content-center w-25\">\r\n            <hr class=\"col-1 mt-3 border-3 isf-border-primary opacity-100\" \/>\r\n        <\/div>\r\n    <\/div> -->\r\n\r\n    <div class=\"card bg-transparent border-0\">\r\n        <div class=\"card-header bg-transparent pt-4\">\r\n            <ul class=\"nav nav-tabs justify-content-md-center card-header-tabs\" style=\"flex-wrap:nowrap;text-wrap:nowrap;overflow-x:auto;overflow-y:hidden\">\r\n                <li class=\"col-lg-4 text-center nav-item\">\r\n                    <a class=\"nav-link fs-5 fw-bold rounded-top-3 text-dark isf-bg-light active\" aria-current=\"true\" href=\"https:\/\/isf.gov.lb\/fr\/anonymous-complaints\/\">\r\n                        Plaintes anonymes                    <\/a>\r\n                <\/li>\r\n                <li class=\"col-lg-4 text-center nav-item\">\r\n                    <a class=\"nav-link fs-5 fw-bold rounded-top-3 text-dark\" href=\"https:\/\/isf.gov.lb\/fr\/complaints-against-isf-members\/\">\r\n                        Plaintes contre les membres de l&rsquo;ISF                    <\/a>\r\n                <\/li>\r\n            <\/ul>\r\n        <\/div>\r\n        <div class=\"card-body isf-gradient-light\">\r\n            <div class=\"container\">\r\n                <div class=\"alert alert-light\">\r\n                    <p class=\"m-0\">Toutes les informations qui nous sont transmises restent confidentielles<\/p>\r\n                <\/div>\r\n                <div class=\"row align-items-start g-3\">\r\n                    <div class=\"col-12 col-md-6 col-lg-6\">\r\n                        <select data-field=\"complaint_type\" class=\"form-select form-select-lg fs-6 fw-bold rounded-pill isf-border-primary border\" required>\r\n                            <option selected disabled value=\"\">Type de plainte*<\/option>\r\n                                                            <optgroup label=\"Crimes \u00e9lectroniques\">\r\n                                                                            <option value=\"Piratage de compte\">Piratage de compte<\/option>\r\n                                                                            <option value=\"Pornographie infantile\">Pornographie infantile<\/option>\r\n                                                                            <option value=\"Le cyber-chantage\">Le cyber-chantage<\/option>\r\n                                                                            <option value=\"Cyberintimidation\">Cyberintimidation<\/option>\r\n                                                                            <option value=\"Fraude d'identit\u00e9\">Fraude d&rsquo;identit\u00e9<\/option>\r\n                                                                            <option value=\"Vol d'informations\">Vol d&rsquo;informations<\/option>\r\n                                                                            <option value=\"Autres cybercrimes\">Autres cybercrimes<\/option>\r\n                                                                    <\/optgroup>\r\n                                                            <optgroup label=\"Autres crimes\">\r\n                                                                            <option value=\"Agression et coups et blessures\">Agression et coups et blessures<\/option>\r\n                                                                            <option value=\"Infraction \u00e0 la construction\">Infraction \u00e0 la construction<\/option>\r\n                                                                            <option value=\"Fausse monnaie\">Fausse monnaie<\/option>\r\n                                                                            <option value=\"M\u00e9dicaments\">M\u00e9dicaments<\/option>\r\n                                                                            <option value=\"Empi\u00e9ter sur la propri\u00e9t\u00e9 publique\">Empi\u00e9ter sur la propri\u00e9t\u00e9 publique<\/option>\r\n                                                                            <option value=\"Violence familiale\">Violence familiale<\/option>\r\n                                                                            <option value=\"Fraude\">Fraude<\/option>\r\n                                                                            <option value=\"Homicide\">Homicide<\/option>\r\n                                                                            <option value=\"Infractions \u00e0 la chasse\">Infractions \u00e0 la chasse<\/option>\r\n                                                                            <option value=\"Vol d'identit\u00e9 (imitation)\">Vol d&rsquo;identit\u00e9 (imitation)<\/option>\r\n                                                                            <option value=\"Enl\u00e8vement\">Enl\u00e8vement<\/option>\r\n                                                                            <option value=\"Nuisance et inconfort\">Nuisance et inconfort<\/option>\r\n                                                                            <option value=\"Autres\">Autres<\/option>\r\n                                                                            <option value=\"Trafic d'\u00eatres humains\">Trafic d&rsquo;\u00eatres humains<\/option>\r\n                                                                            <option value=\"Prostitution\">Prostitution<\/option>\r\n                                                                            <option value=\"Vol\">Vol<\/option>\r\n                                                                            <option value=\"Agression sexuelle\">Agression sexuelle<\/option>\r\n                                                                            <option value=\"Terrorisme\">Terrorisme<\/option>\r\n                                                                            <option value=\"Infraction au code de la route\">Infraction au code de la route<\/option>\r\n                                                                            <option value=\"Trahison\">Trahison<\/option>\r\n                                                                            <option value=\"Violation des lois et r\u00e8glements\">Violation des lois et r\u00e8glements<\/option>\r\n                                                                            <option value=\"Utilisation d'armes\">Utilisation d&rsquo;armes<\/option>\r\n                                                                    <\/optgroup>\r\n                                                    <\/select>\r\n                    <\/div>\r\n                    <div class=\"col-12 col-md-6 col-lg-6\">\r\n                        <div class=\"w-100 h-100 d-flex align-items-center rounded-pill isf-border-primary border bg-white\" style=\"padding:.563rem 0.8rem !important\">\r\n                            <div class=\"me-3\">\r\n                                <p class=\"fw-bold mb-0\">Vous souhaitez \u00eatre contact\u00e9?*<\/p>\r\n                            <\/div>\r\n                            <div class=\"form-check mb-0 me-3\">\r\n                                <input data-field=\"to_be_contacted\" class=\"form-check-input\" type=\"radio\" name=\"flexRadioDefault\" id=\"yes\" value=\"1\" required>\r\n                                <label class=\"form-check-label\" for=\"yes\">\r\n                                    Oui                                <\/label>\r\n                            <\/div>\r\n                            <div class=\"form-check m-0\">\r\n                                <input data-field=\"to_be_contacted\" class=\"form-check-input\" type=\"radio\" name=\"flexRadioDefault\" id=\"no\" value=\"0\" required>\r\n                                <label class=\"form-check-label\" for=\"no\">\r\n                                    Non                                <\/label>\r\n                            <\/div>\r\n                        <\/div>\r\n                    <\/div>\r\n                    <div class=\"col-12 col-md-6 col-lg-6\">\r\n                        <input type=\"number\" id=\"phone_number\" data-field=\"phone_number\" oninput=\"checkFieldLength(this,15)\" class=\"form-control form-control-lg fs-6 fw-bold rounded-pill isf-border-primary border\" placeholder=\"Num\u00e9ro de t\u00e9l\u00e9phone\">\r\n                        <div class=\"invalid-feedback d-none\">\r\n                            Le num\u00e9ro de t\u00e9l\u00e9phone doit comporter 8 chiffres                        <\/div>\r\n                    <\/div>\r\n                    <div class=\"col-12 col-md-6 col-lg-6\">\r\n                        <input type=\"email\" id=\"email\" data-field=\"email\" class=\"text-start form-control form-control-lg fs-6 fw-bold rounded-pill isf-border-primary border\" placeholder=\"E-mail\">\r\n                        <div class=\"invalid-feedback d-none\">\r\n                            L&rsquo;e-mail que vous avez entr\u00e9 est invalide                        <\/div>\r\n                    <\/div>\r\n                    <div class=\"col-12 col-lg-6\">\r\n                        <textarea rows=\"8\" data-field=\"description\" class=\"h-auto form-control form-control-lg fs-6 fw-bold rounded-4 isf-border-primary border\" style=\"resize: none;\" placeholder=\"Description*\" required><\/textarea>\r\n                    <\/div>\r\n                    <div class=\"col-12 col-lg-6\">\r\n                        <div class=\"w-100 h-100 rounded-4 bg-white border isf-border-primary p-3\">\r\n                            <div>\r\n                                <p class=\"fw-bold\">Pi\u00e8ces jointes<\/p>\r\n                            <\/div>\r\n                            <div class=\"row m-0\" id=\"attachmentsList\">\r\n                                <div class=\"col-3 g-2 ps-0\">\r\n                                    <button id=\"addAttachmentsButton\" onclick=\"triggerFileUpload()\" class=\"btn btn-outline-light p-1 rounded-3 border border-2 isf-border-primary d-flex align-items-center justify-content-center ratio ratio-1x1\" style=\"border-style: dashed !important;\">\r\n                                        <i class=\"fs-1 isf-text-primary d-flex align-items-center justify-content-center bi bi-plus\"><\/i>\r\n                                    <\/button>\r\n                                <\/div>\r\n                            <\/div>\r\n                            <input type=\"file\" id=\"attachmentsInput\" multiple accept=\".jpg, .jpeg, .png, .gif, .bmp,.mp4, .avi, .mkv, .mov, .wmv, .docx, .pdf, .pptx, .xlsx, .txt\" class=\"d-none\">\r\n                        <\/div>\r\n                    <\/div>\r\n                <\/div>\r\n                <div class=\"d-flex justify-content-center align-items-center flex-column mt-3\">\r\n                    <button id=\"submitFormBtn\" data-sitekey=\"6LfHKTsqAAAAAP8tP5MEClFvpjJZ7p_6-mZXsl2R\" data-callback='submitBalleghForm' data-action='submit' type=\"button\" class=\"g-recaptcha btn btn-primary isf-btn-primary py-2 px-2 border-0 rounded-pill d-flex align-items-center justify-content-between fw-bold\" style=\"width:fit-content\">\r\n                        <!-- <button type=\"button\" id=\"submitFormBtn\" onclick=\"submitBalleghForm()\" class=\"btn btn-primary fw-bold isf-btn-primary py-2 px-2 border-0 rounded-pill d-flex align-items-center justify-content-between\"> -->\r\n                        <i class=\"bi bi-chevron-right me-4 opacity-0\"><\/i>\r\n                        Envoyer                        <i class=\"bi bi-chevron-right ms-4\"><\/i>\r\n                    <\/button>\r\n                <\/div>\r\n            <\/div>\r\n        <\/div>\r\n    <\/div>\r\n<\/section>\r\n<script>\r\n    var files = [];\r\n    var addedFiles = [];\r\n    var totalFileSize = 0;\r\n\r\n    function triggerFileUpload() {\r\n        $(\"#attachmentsInput\").click();\r\n    }\r\n\r\n    $(\"#attachmentsInput\").on(\"change\", function() {\r\n        handleFileChange(this.files);\r\n    });\r\n\r\n    function handleFileChange(filesArr) {\r\n        document.querySelector(\"#attachmentsList\").innerHTML =\r\n            `   <div class=\"col-3 g-2 ps-0\" id=\"addAttachmentsButton\" onclick=\"triggerFileUpload()\">\r\n                <button class=\"btn btn-outline-light p-1 rounded-3 border border-2 isf-border-primary d-flex align-items-center justify-content-center ratio ratio-1x1\" style=\"border-style: dashed !important;\">\r\n                    <i class=\"fs-1 isf-text-primary d-flex align-items-center justify-content-center bi bi-plus\"><\/i>\r\n                <\/button>\r\n            <\/div>`;\r\n        files = Array.from(filesArr);\r\n        files.forEach((file, i) => {\r\n            if (!addedFiles.some(f => f.name === file.name && f.size === file.size && f.type === file.type)) {\r\n                addedFiles.push(file);\r\n            }\r\n            \/\/ document.querySelector(\"#attachmentsList\").insertAdjacentHTML(\"afterbegin\",\r\n            \/\/     `\r\n            \/\/ <div class=\"col-3 g-2 ps-0\">\r\n            \/\/     <button role=\"span\" class=\"btn btn-outline-light p-1 rounded-3 border border-secondary-subtle text-dark ratio ratio-1x1\">\r\n            \/\/     <span role=\"button\" onclick=\"removeFromList(this, ${i})\" class=\"position-absolute top-0 translate-middle p-1 bg-danger border border-secondary-subtle w-auto h-auto rounded-circle\">\r\n            \/\/         <i class=\"bi bi-x text-white\"><\/i>\r\n            \/\/     <\/span>\r\n            \/\/         <div class=\"position-absolute d-flex align-items-center justify-content-center flex-column\">    \r\n            \/\/             <i class=\"fs-4 bi bi-image mb-2 isf-text-primary\"><\/i>\r\n            \/\/             <span class=\"text-xs line-clamp-2\">${file.name}<\/span>\r\n            \/\/         <\/div>\r\n            \/\/     <\/button>\r\n            \/\/ <\/div>\r\n            \/\/ `\r\n            \/\/ )\r\n        });\r\n        addedFiles.forEach((file, i) => {\r\n            if (!addedFiles.some(f => f.name === file.name && f.size === file.size && f.type === file.type)) {\r\n                addedFiles.push(file);\r\n            }\r\n            document.querySelector(\"#attachmentsList\").insertAdjacentHTML(\"afterbegin\",\r\n                `\r\n            <div class=\"col-3 g-2 ps-0\">\r\n                <button role=\"span\" class=\"btn btn-outline-light p-1 rounded-3 border border-secondary-subtle text-dark ratio ratio-1x1\">\r\n                <span role=\"button\" onclick=\"removeFromList(this, ${i})\" class=\"position-absolute top-0 translate-middle p-1 bg-danger border border-secondary-subtle w-auto h-auto rounded-circle\">\r\n                    <i class=\"bi bi-x text-white\"><\/i>\r\n                <\/span>\r\n                    <div class=\"position-absolute d-flex align-items-center justify-content-center flex-column\">    \r\n                        <i class=\"fs-4 bi bi-image mb-2 isf-text-primary\"><\/i>\r\n                        <span class=\"text-xs line-clamp-2\">${file.name}<\/span>\r\n                    <\/div>\r\n                <\/button>\r\n            <\/div>\r\n            `\r\n            )\r\n        });\r\n    }\r\n\r\n    function removeFromList(button, index) {\r\n        addedFiles = addedFiles.slice(0, index).concat(addedFiles.slice(index + 1));\r\n        const listItem = button.closest(\".col-3.g-2.ps-0\");\r\n        listItem.remove();\r\n        handleFileChange(addedFiles);\r\n    }\r\n\r\n\r\n    function submitBalleghForm(token) {\r\n        var countBalleghValid = 0;\r\n        $(\"#successAlert\").addClass(\"d-none\");\r\n        $(\"#submitFormBtn\").addClass(\"disabled-btn\");\r\n        $(\"#failAlert\").addClass(\"d-none\");\r\n        $(\"#submitFormBtn\").attr(\"disabled\", true);\r\n        var fileInput = document.getElementById('attachmentsInput');\r\n\r\n        var numOfElements = Array.from($(\"[data-field][required]\")).length;\r\n        var data = {};\r\n\r\n        if ($('[data-field=\"phone_number\"]').attr('required') && $('[data-field=\"phone_number\"]').val().length !== 8) {\r\n            $('[data-field=\"phone_number\"]').addClass(\"is-invalid\");\r\n            $('[data-field=\"phone_number\"]').parent().find(\".invalid-feedback\").removeClass(\"d-none\");\r\n            $('[data-field=\"phone_number\"]').focus();\r\n            $(\"#submitFormBtn\").attr(\"disabled\", false);\r\n            $(\"#submitFormBtn\").removeClass(\"disabled-btn\");\r\n            return;\r\n        }\r\n\r\n        $(\"[data-field][required]\").each((i, field) => {\r\n            var $field = $(field);\r\n            var fieldType = $field.attr(\"data-field\");\r\n            var fieldValue = $field.val();\r\n            if ($field.attr(\"required\")) {\r\n                if (fieldType === \"to_be_contacted\" && !$('[data-field=\"to_be_contacted\"]:checked').length) {\r\n                    $field.addClass('is-invalid');\r\n                    $(field).focus();\r\n                    $(\"#submitFormBtn\").removeClass(\"disabled-btn\");\r\n                    $(\"#submitFormBtn\").attr(\"disabled\", false);\r\n                } else if (fieldValue === \"\" || !fieldValue) {\r\n                    $field.addClass('is-invalid');\r\n                    $(field).focus();\r\n                    $(\"#submitFormBtn\").removeClass(\"disabled-btn\");\r\n                    $(\"#submitFormBtn\").attr(\"disabled\", false);\r\n                } else {\r\n                    $field.removeClass('is-invalid');\r\n                    countBalleghValid++;\r\n                    data[field.getAttribute(\"data-field\")] = fieldValue;\r\n                }\r\n            } else {\r\n                $field.removeClass('is-invalid');\r\n                countBalleghValid++;\r\n                data[field.getAttribute(\"data-field\")] = fieldValue;\r\n            }\r\n        });\r\n\r\n        var radioGroup = document.getElementsByName(\"flexRadioDefault\");\r\n        for (var i = 0; i < radioGroup.length; i++) {\r\n            if (radioGroup[i].checked) {\r\n                var selectedValue = radioGroup[i].value;\r\n                data[\"to_be_contacted\"] = selectedValue;\r\n                break;\r\n            }\r\n        }\r\n                data['phone_number'] = $('#phone_number').val();\r\n        data['email'] = $('#email').val();\r\n        data['_token'] = 'awd';\r\n\r\n\r\n        $(\"#submitFormBtn\").attr(\"disabled\", false);\r\n        if (countBalleghValid < numOfElements) {\r\n            return;\r\n        }\r\n\r\n        var formData = new FormData();\r\n        formData.append('data', JSON.stringify(data));\r\n\r\n        addedFiles.forEach((file, i) => {\r\n            formData.append(`files${i}`, file);\r\n        });\r\n        $.ajax({\r\n            url: 'https:\/\/isf.gov.lb\/wp-content\/themes\/ISF\/services\/ajax\/verify-recaptcha.php',\r\n            method: 'POST',\r\n            data: {\r\n                _s: \"6LfHKTsqAAAAAMzuCZEtSw41-ZxRd7GzuKCuqGO-\",\r\n                _r: token,\r\n            },\r\n            success: function(res) {\r\n                const responseObject = JSON.parse(res);\r\n                if (responseObject.success) {\r\n                    if (responseObject.score > 0.5) {\r\n                        var xhr = new XMLHttpRequest();\r\n                        xhr.open('POST', 'https:\/\/isf.gov.lb\/wp-content\/themes\/ISF\/services\/ajax\/forms\/balleghapi.php', true);\r\n                        xhr.onload = function() {\r\n                            if (xhr.status === 200) {\r\n                                Swal.fire({\r\n                                    text: \"Plainte soumise avec succ\u00e8s\",\r\n                                    icon: \"success\",\r\n                                }).then((confirm) => {\r\n                                    window.location.reload();\r\n                                });\r\n                            } else {\r\n                                console.error('Failed. Status:', xhr.status);\r\n                                Swal.fire({\r\n                                    text: \"Une erreur est survenue: \" + xhr.statusText,\r\n                                    icon: \"error\",\r\n                                }).then((confirm) => {\r\n                                    window.location.reload();\r\n                                });\r\n                            }\r\n                        };\r\n\r\n                        xhr.send(formData);\r\n                    }\r\n                }\r\n            },\r\n            error: function(err) {\r\n                Swal.fire({\r\n                    text: \"Une erreur est survenue\",\r\n                    icon: \"error\",\r\n                }).then((confirm) => {\r\n                    window.location.reload();\r\n                });\r\n            }\r\n        });\r\n\r\n    }\r\n\r\n    function checkFieldLength(input, maxLength) {\r\n        let value = input.value;\r\n        if (value.length > maxLength) {\r\n            input.value = value.slice(0, maxLength);\r\n        }\r\n    }\r\n    $('input[name=\"flexRadioDefault\"]').change(function() {\r\n        var selectedValue = $(this).val();\r\n        $('[data-field=\"phone_number\"]').attr('required', selectedValue == 1).attr('placeholder', `Num\u00e9ro de t\u00e9l\u00e9phone ${selectedValue == 1 ? \"*\" : \"\"}`);\r\n        $('[data-field=\"email\"]').attr('required', selectedValue == 1).attr('placeholder', `E-mail ${selectedValue == 1 ? \"*\" : \"\"}`);\r\n    });\r\n\r\n    $('input[data-field=\"phone_number\"], input[data-field=\"email\"]').on('input', function() {\r\n        var radioButton = $('input[name=\"flexRadioDefault\"]:checked').val();\r\n\r\n        if (radioButton) {\r\n            var phoneNumberFilled = $('[data-field=\"phone_number\"]').val().trim() !== \"\";\r\n            var emailFilled = $('[data-field=\"email\"]').val().trim() !== \"\";\r\n\r\n\r\n            if (!emailFilled) {\r\n                $('[data-field=\"phone_number\"]').attr('required', !emailFilled).attr('placeholder', 'Num\u00e9ro de t\u00e9l\u00e9phone*');\r\n            } else {\r\n                $('[data-field=\"phone_number\"]').attr('required', !emailFilled).attr('placeholder', 'Num\u00e9ro de t\u00e9l\u00e9phone');\r\n            }\r\n            if (!phoneNumberFilled) {\r\n                $('[data-field=\"email\"]').attr('required', !phoneNumberFilled).attr('placeholder', 'E-mail*');\r\n            } else {\r\n                $('[data-field=\"email\"]').attr('required', !phoneNumberFilled).attr('placeholder', 'E-mail');\r\n            }\r\n        }\r\n\r\n        \/\/ $('[data-field=\"email\"]').attr('required', !phoneNumberFilled);\r\n\r\n        \/\/ Optional: Indicate which field is required visually\r\n        \/\/ if (!emailFilled) {\r\n        \/\/     $('[data-field=\"phone_number\"]').attr('placeholder', `Num\u00e9ro de t\u00e9l\u00e9phone *`);\r\n        \/\/     $('[data-field=\"email\"]').attr('placeholder', `E-mail`);\r\n        \/\/ } else if (!phoneNumberFilled) {\r\n        \/\/     $('[data-field=\"phone_number\"]').attr('placeholder', `Num\u00e9ro de t\u00e9l\u00e9phone`);\r\n        \/\/     $('[data-field=\"email\"]').attr('placeholder', `E-mail *`);\r\n        \/\/ } else {\r\n        \/\/     $('[data-field=\"phone_number\"]').attr('placeholder', `Num\u00e9ro de t\u00e9l\u00e9phone`);\r\n        \/\/     $('[data-field=\"email\"]').attr('placeholder', `E-mail`);\r\n        \/\/ }\r\n    });\r\n<\/script>","protected":false},"excerpt":{"rendered":"","protected":false},"author":1,"featured_media":0,"parent":0,"menu_order":0,"comment_status":"closed","ping_status":"closed","template":"blocks-pages.php","meta":{"_monsterinsights_skip_tracking":false,"_monsterinsights_sitenote_active":false,"_monsterinsights_sitenote_note":"","_monsterinsights_sitenote_category":0,"footnotes":""},"class_list":["post-6257","page","type-page","status-publish","hentry"],"acf":[],"_links":{"self":[{"href":"https:\/\/isf.gov.lb\/fr\/wp-json\/wp\/v2\/pages\/6257","targetHints":{"allow":["GET"]}}],"collection":[{"href":"https:\/\/isf.gov.lb\/fr\/wp-json\/wp\/v2\/pages"}],"about":[{"href":"https:\/\/isf.gov.lb\/fr\/wp-json\/wp\/v2\/types\/page"}],"author":[{"embeddable":true,"href":"https:\/\/isf.gov.lb\/fr\/wp-json\/wp\/v2\/users\/1"}],"replies":[{"embeddable":true,"href":"https:\/\/isf.gov.lb\/fr\/wp-json\/wp\/v2\/comments?post=6257"}],"version-history":[{"count":6,"href":"https:\/\/isf.gov.lb\/fr\/wp-json\/wp\/v2\/pages\/6257\/revisions"}],"predecessor-version":[{"id":7657,"href":"https:\/\/isf.gov.lb\/fr\/wp-json\/wp\/v2\/pages\/6257\/revisions\/7657"}],"wp:attachment":[{"href":"https:\/\/isf.gov.lb\/fr\/wp-json\/wp\/v2\/media?parent=6257"}],"curies":[{"name":"wp","href":"https:\/\/api.w.org\/{rel}","templated":true}]}}