{"id":27775,"date":"2023-12-11T21:33:39","date_gmt":"2023-12-11T21:33:39","guid":{"rendered":"https:\/\/beta.isf.gov.lb\/?page_id=27775"},"modified":"2024-10-21T09:07:50","modified_gmt":"2024-10-21T09:07:50","slug":"laws","status":"publish","type":"page","link":"https:\/\/isf.gov.lb\/fr\/laws\/","title":{"rendered":"Lois"},"content":{"rendered":"\r\n<section class=\"w-100 py-5 bg-cover bg-center bg-repeat-none d-flex align-items-end justify-content-center\" style=\"background-image: linear-gradient(to bottom right, rgba(255, 255, 255, 0.3), rgba(0, 84, 158, 0.3)), url('https:\/\/isf.gov.lb\/wp-content\/uploads\/2024\/09\/view-3d-gavel-lawyer-s-day.jpg');height:40%\">\r\n    <h1 class=\"text-white fw-bold text-xl text-center text-capitalize\">\r\n        Publications     <\/h1>\r\n<\/section>\n\n<section class=\"w-100 py-5 bg-cover bg-center bg-repeat-none bg-light-subtle\" id=\"lawsSection\">\r\n    <div class=\"d-flex flex-column align-items-center justify-content-center pb-5\">\r\n        <h2 class=\"fw-bold isf-text-primary\">Lois<\/h2>\r\n        <div class=\"row justify-content-center w-25\">\r\n            <hr class=\"col-1 mt-3 border-3 isf-border-primary opacity-100\" \/>\r\n        <\/div>\r\n    <\/div>\r\n    <div class=\"container mb-5\">\r\n        <div class=\"row px-3 g-5\">\r\n                            <div class=\"col-lg-6\">\r\n                    <div class=\"row align-items-center\">\r\n                                                    <div class=\"col-4\">\r\n                                <img decoding=\"async\" class=\"w-100\" src=\"https:\/\/isf.gov.lb\/wp-content\/uploads\/2024\/09\/government.png\">\r\n                            <\/div>\r\n                                                <div class=\"col\">\r\n                            <div class=\"d-flex flex-column\">\r\n                                <p class=\"m-0 fs-5 fw-bold\">\r\n                                     Loi n\u00b0 17 &#8211; Organisation des Forces de S\u00e9curit\u00e9 Int\u00e9rieure                                <\/p>\r\n                                <a class=\"icon-link isf-text-primary\" download href=\"https:\/\/isf.gov.lb\/wp-content\/uploads\/2024\/10\/loi17-fr.pdf\">\r\n                                    <i class=\"bi bi-download\"><\/i>\r\n                                    T\u00e9l\u00e9charger en PDF                                <\/a>\r\n                            <\/div>\r\n                        <\/div>\r\n                    <\/div>\r\n                <\/div>\r\n                            <div class=\"col-lg-6\">\r\n                    <div class=\"row align-items-center\">\r\n                                                    <div class=\"col-4\">\r\n                                <img decoding=\"async\" class=\"w-100\" src=\"https:\/\/isf.gov.lb\/wp-content\/uploads\/2024\/09\/job-rotation.png\">\r\n                            <\/div>\r\n                                                <div class=\"col\">\r\n                            <div class=\"d-flex flex-column\">\r\n                                <p class=\"m-0 fs-5 fw-bold\">\r\n                                    D\u00e9cret n\u00b0 1157 &#8211; D\u00e9termination de l\u2019Organigramme des Forces de S\u00e9curit\u00e9 Int\u00e9rieure                                <\/p>\r\n                                <a class=\"icon-link isf-text-primary\" download href=\"https:\/\/isf.gov.lb\/wp-content\/uploads\/2024\/10\/loi1157-fr.pdf\">\r\n                                    <i class=\"bi bi-download\"><\/i>\r\n                                    T\u00e9l\u00e9charger en PDF                                <\/a>\r\n                            <\/div>\r\n                        <\/div>\r\n                    <\/div>\r\n                <\/div>\r\n                            <div class=\"col-lg-6\">\r\n                    <div class=\"row align-items-center\">\r\n                                                    <div class=\"col-4\">\r\n                                <img decoding=\"async\" class=\"w-100\" src=\"https:\/\/isf.gov.lb\/wp-content\/uploads\/2024\/09\/family-law.png\">\r\n                            <\/div>\r\n                                                <div class=\"col\">\r\n                            <div class=\"d-flex flex-column\">\r\n                                <p class=\"m-0 fs-5 fw-bold\">\r\n                                    Loi n\u00b0 293 \u2013 Prot\u00e9ger les femmes et les autres membres de la famille contre la violence domestique \u2013 AR                                <\/p>\r\n                                <a class=\"icon-link isf-text-primary\" download href=\"https:\/\/isf.gov.lb\/wp-content\/uploads\/2024\/09\/293.pdf\">\r\n                                    <i class=\"bi bi-download\"><\/i>\r\n                                    T\u00e9l\u00e9charger en PDF                                <\/a>\r\n                            <\/div>\r\n                        <\/div>\r\n                    <\/div>\r\n                <\/div>\r\n                            <div class=\"col-lg-6\">\r\n                    <div class=\"row align-items-center\">\r\n                                                    <div class=\"col-4\">\r\n                                <img decoding=\"async\" class=\"w-100\" src=\"https:\/\/isf.gov.lb\/wp-content\/uploads\/2024\/10\/child-protection.png\">\r\n                            <\/div>\r\n                                                <div class=\"col\">\r\n                            <div class=\"d-flex flex-column\">\r\n                                <p class=\"m-0 fs-5 fw-bold\">\r\n                                    Loi n\u00b0 344 \u2013 Protection des mineurs en conflit avec la loi ou en danger \u2013 AR                                <\/p>\r\n                                <a class=\"icon-link isf-text-primary\" download href=\"https:\/\/isf.gov.lb\/wp-content\/uploads\/2024\/10\/ahdas.pdf\">\r\n                                    <i class=\"bi bi-download\"><\/i>\r\n                                    T\u00e9l\u00e9charger en PDF                                <\/a>\r\n                            <\/div>\r\n                        <\/div>\r\n                    <\/div>\r\n                <\/div>\r\n                            <div class=\"col-lg-6\">\r\n                    <div class=\"row align-items-center\">\r\n                                                    <div class=\"col-4\">\r\n                                <img decoding=\"async\" class=\"w-100\" src=\"https:\/\/isf.gov.lb\/wp-content\/uploads\/2024\/09\/20946030-copy.png\">\r\n                            <\/div>\r\n                                                <div class=\"col\">\r\n                            <div class=\"d-flex flex-column\">\r\n                                <p class=\"m-0 fs-5 fw-bold\">\r\n                                    Loi n\u00b0 243 \u2013 Nouveau code de la route \u2013 AR                                <\/p>\r\n                                <a class=\"icon-link isf-text-primary\" download href=\"https:\/\/isf.gov.lb\/wp-content\/uploads\/2024\/09\/law243.pdf\">\r\n                                    <i class=\"bi bi-download\"><\/i>\r\n                                    T\u00e9l\u00e9charger en PDF                                <\/a>\r\n                            <\/div>\r\n                        <\/div>\r\n                    <\/div>\r\n                <\/div>\r\n                            <div class=\"col-lg-6\">\r\n                    <div class=\"row align-items-center\">\r\n                                                    <div class=\"col-4\">\r\n                                <img decoding=\"async\" class=\"w-100\" src=\"https:\/\/isf.gov.lb\/wp-content\/uploads\/2024\/10\/criminal-law.png\">\r\n                            <\/div>\r\n                                                <div class=\"col\">\r\n                            <div class=\"d-flex flex-column\">\r\n                                <p class=\"m-0 fs-5 fw-bold\">\r\n                                    Loi n\u00b0 823 \u2013 Code de proc\u00e9dure p\u00e9nale \u2013 AR                                <\/p>\r\n                                <a class=\"icon-link isf-text-primary\" download href=\"https:\/\/isf.gov.lb\/wp-content\/uploads\/2024\/10\/osoulMouhakamatJazakiya.pdf\">\r\n                                    <i class=\"bi bi-download\"><\/i>\r\n                                    T\u00e9l\u00e9charger en PDF                                <\/a>\r\n                            <\/div>\r\n                        <\/div>\r\n                    <\/div>\r\n                <\/div>\r\n                            <div class=\"col-lg-6\">\r\n                    <div class=\"row align-items-center\">\r\n                                                    <div class=\"col-4\">\r\n                                <img decoding=\"async\" class=\"w-100\" src=\"https:\/\/isf.gov.lb\/wp-content\/uploads\/2024\/10\/drug-abuse.png\">\r\n                            <\/div>\r\n                                                <div class=\"col\">\r\n                            <div class=\"d-flex flex-column\">\r\n                                <p class=\"m-0 fs-5 fw-bold\">\r\n                                    Loi n\u00b0 376 \u2013 relative aux stup\u00e9fiants, substances psychotropes et pr\u00e9curseurs \u2013 AR                                <\/p>\r\n                                <a class=\"icon-link isf-text-primary\" download href=\"https:\/\/isf.gov.lb\/wp-content\/uploads\/2024\/10\/moukhadarat.pdf\">\r\n                                    <i class=\"bi bi-download\"><\/i>\r\n                                    T\u00e9l\u00e9charger en PDF                                <\/a>\r\n                            <\/div>\r\n                        <\/div>\r\n                    <\/div>\r\n                <\/div>\r\n                            <div class=\"col-lg-6\">\r\n                    <div class=\"row align-items-center\">\r\n                                                    <div class=\"col-4\">\r\n                                <img decoding=\"async\" class=\"w-100\" src=\"https:\/\/isf.gov.lb\/wp-content\/uploads\/2024\/10\/no-smoking.png\">\r\n                            <\/div>\r\n                                                <div class=\"col\">\r\n                            <div class=\"d-flex flex-column\">\r\n                                <p class=\"m-0 fs-5 fw-bold\">\r\n                                    Loi n\u00b0 174 \u2013 R\u00e9duire le tabagisme et r\u00e9glementer la fabrication, le conditionnement et la publicit\u00e9 des produits du tabac \u2013 AR                                <\/p>\r\n                                <a class=\"icon-link isf-text-primary\" download href=\"https:\/\/isf.gov.lb\/wp-content\/uploads\/2024\/10\/tadkhine.pdf\">\r\n                                    <i class=\"bi bi-download\"><\/i>\r\n                                    T\u00e9l\u00e9charger en PDF                                <\/a>\r\n                            <\/div>\r\n                        <\/div>\r\n                    <\/div>\r\n                <\/div>\r\n                            <div class=\"col-lg-6\">\r\n                    <div class=\"row align-items-center\">\r\n                                                    <div class=\"col-4\">\r\n                                <img decoding=\"async\" class=\"w-100\" src=\"https:\/\/isf.gov.lb\/wp-content\/uploads\/2024\/09\/law.png\">\r\n                            <\/div>\r\n                                                <div class=\"col\">\r\n                            <div class=\"d-flex flex-column\">\r\n                                <p class=\"m-0 fs-5 fw-bold\">\r\n                                    D\u00e9cret n\u00b0 2868 \u2013 Cahier des conditions administratives g\u00e9n\u00e9rales pour les engagements de fournitures et le syst\u00e8me d&rsquo;appel d&rsquo;offres des forces de s\u00e9curit\u00e9 int\u00e9rieure \u2013 AR                                <\/p>\r\n                                <a class=\"icon-link isf-text-primary\" download href=\"https:\/\/isf.gov.lb\/wp-content\/uploads\/2024\/09\/nizamAlMounakasat.pdf\">\r\n                                    <i class=\"bi bi-download\"><\/i>\r\n                                    T\u00e9l\u00e9charger en PDF                                <\/a>\r\n                            <\/div>\r\n                        <\/div>\r\n                    <\/div>\r\n                <\/div>\r\n                            <div class=\"col-lg-6\">\r\n                    <div class=\"row align-items-center\">\r\n                                                    <div class=\"col-4\">\r\n                                <img decoding=\"async\" class=\"w-100\" src=\"https:\/\/isf.gov.lb\/wp-content\/uploads\/2024\/09\/money.png\">\r\n                            <\/div>\r\n                                                <div class=\"col\">\r\n                            <div class=\"d-flex flex-column\">\r\n                                <p class=\"m-0 fs-5 fw-bold\">\r\n                                    D\u00e9cret n\u00b0 96141 \u2013 Loi sur la comptabilit\u00e9 publique \u2013 AR                                <\/p>\r\n                                <a class=\"icon-link isf-text-primary\" download href=\"https:\/\/isf.gov.lb\/wp-content\/uploads\/2024\/09\/mouhasaba.pdf\">\r\n                                    <i class=\"bi bi-download\"><\/i>\r\n                                    T\u00e9l\u00e9charger en PDF                                <\/a>\r\n                            <\/div>\r\n                        <\/div>\r\n                    <\/div>\r\n                <\/div>\r\n                            <div class=\"col-lg-6\">\r\n                    <div class=\"row align-items-center\">\r\n                                                    <div class=\"col-4\">\r\n                                <img decoding=\"async\" class=\"w-100\" src=\"https:\/\/isf.gov.lb\/wp-content\/uploads\/2024\/09\/privacy-policy.png\">\r\n                            <\/div>\r\n                                                <div class=\"col\">\r\n                            <div class=\"d-flex flex-column\">\r\n                                <p class=\"m-0 fs-5 fw-bold\">\r\n                                    Loi n\u00b075 \u2013 Protection de la propri\u00e9t\u00e9 litt\u00e9raire et artistique \u2013 AR                                <\/p>\r\n                                <a class=\"icon-link isf-text-primary\" download href=\"https:\/\/isf.gov.lb\/wp-content\/uploads\/2024\/09\/piracy.pdf\">\r\n                                    <i class=\"bi bi-download\"><\/i>\r\n                                    T\u00e9l\u00e9charger en PDF                                <\/a>\r\n                            <\/div>\r\n                        <\/div>\r\n                    <\/div>\r\n                <\/div>\r\n                            <div class=\"col-lg-6\">\r\n                    <div class=\"row align-items-center\">\r\n                                                    <div class=\"col-4\">\r\n                                <img decoding=\"async\" class=\"w-100\" src=\"https:\/\/isf.gov.lb\/wp-content\/uploads\/2024\/10\/hunter.png\">\r\n                            <\/div>\r\n                                                <div class=\"col\">\r\n                            <div class=\"d-flex flex-column\">\r\n                                <p class=\"m-0 fs-5 fw-bold\">\r\n                                    Loi n\u00b0 585 \u2013 Loi sur la chasse sauvage au Liban \u2013 AR                                <\/p>\r\n                                <a class=\"icon-link isf-text-primary\" download href=\"https:\/\/isf.gov.lb\/wp-content\/uploads\/2024\/10\/sayd.pdf\">\r\n                                    <i class=\"bi bi-download\"><\/i>\r\n                                    T\u00e9l\u00e9charger en PDF                                <\/a>\r\n                            <\/div>\r\n                        <\/div>\r\n                    <\/div>\r\n                <\/div>\r\n                            <div class=\"col-lg-6\">\r\n                    <div class=\"row align-items-center\">\r\n                                                    <div class=\"col-4\">\r\n                                <img decoding=\"async\" class=\"w-100\" src=\"https:\/\/isf.gov.lb\/wp-content\/uploads\/2024\/10\/construction.png\">\r\n                            <\/div>\r\n                                                <div class=\"col\">\r\n                            <div class=\"d-flex flex-column\">\r\n                                <p class=\"m-0 fs-5 fw-bold\">\r\n                                    Loi n\u00b0 646 \u2013 Droit de la construction \u2013 AR                                <\/p>\r\n                                <a class=\"icon-link isf-text-primary\" download href=\"https:\/\/isf.gov.lb\/wp-content\/uploads\/2024\/10\/binaa.pdf\">\r\n                                    <i class=\"bi bi-download\"><\/i>\r\n                                    T\u00e9l\u00e9charger en PDF                                <\/a>\r\n                            <\/div>\r\n                        <\/div>\r\n                    <\/div>\r\n                <\/div>\r\n                    <\/div>\r\n    <\/div>\r\n<\/section>\r\n<script>\r\n    var test = 'test';\r\n<\/script>","protected":false},"excerpt":{"rendered":"","protected":false},"author":1,"featured_media":0,"parent":0,"menu_order":0,"comment_status":"closed","ping_status":"closed","template":"blocks-pages.php","meta":{"_monsterinsights_skip_tracking":false,"_monsterinsights_sitenote_active":false,"_monsterinsights_sitenote_note":"","_monsterinsights_sitenote_category":0,"footnotes":""},"class_list":["post-27775","page","type-page","status-publish","hentry"],"acf":[],"_links":{"self":[{"href":"https:\/\/isf.gov.lb\/fr\/wp-json\/wp\/v2\/pages\/27775","targetHints":{"allow":["GET"]}}],"collection":[{"href":"https:\/\/isf.gov.lb\/fr\/wp-json\/wp\/v2\/pages"}],"about":[{"href":"https:\/\/isf.gov.lb\/fr\/wp-json\/wp\/v2\/types\/page"}],"author":[{"embeddable":true,"href":"https:\/\/isf.gov.lb\/fr\/wp-json\/wp\/v2\/users\/1"}],"replies":[{"embeddable":true,"href":"https:\/\/isf.gov.lb\/fr\/wp-json\/wp\/v2\/comments?post=27775"}],"version-history":[{"count":6,"href":"https:\/\/isf.gov.lb\/fr\/wp-json\/wp\/v2\/pages\/27775\/revisions"}],"predecessor-version":[{"id":27832,"href":"https:\/\/isf.gov.lb\/fr\/wp-json\/wp\/v2\/pages\/27775\/revisions\/27832"}],"wp:attachment":[{"href":"https:\/\/isf.gov.lb\/fr\/wp-json\/wp\/v2\/media?parent=27775"}],"curies":[{"name":"wp","href":"https:\/\/api.w.org\/{rel}","templated":true}]}}