{"id":1902,"date":"2023-11-24T05:22:04","date_gmt":"2023-11-24T05:22:04","guid":{"rendered":"http:\/\/194.126.11.162\/behavior-rules\/"},"modified":"2024-10-10T05:29:35","modified_gmt":"2024-10-10T05:29:35","slug":"behavior-rules","status":"publish","type":"page","link":"https:\/\/isf.gov.lb\/fr\/behavior-rules\/","title":{"rendered":"Code de d\u00e9ontologie"},"content":{"rendered":"\r\n<section class=\"w-100 py-5 bg-cover bg-center bg-repeat-none d-flex align-items-end justify-content-center\" style=\"background-image: linear-gradient(to bottom right, rgba(255, 255, 255, 0.3), rgba(0, 84, 158, 0.3)), url('https:\/\/isf.gov.lb\/wp-content\/uploads\/2024\/09\/6-about-us-scaled.jpg');height:40%\">\r\n    <h1 class=\"text-white fw-bold text-xl text-center text-capitalize\">\r\n        Aper\u00e7u    <\/h1>\r\n<\/section>\n\n<section class=\"w-100 py-5 bg-cover bg-center bg-repeat-none bg-light-subtle\" style=\"background-image: url(https:\/\/isf.gov.lb\/wp-content\/themes\/ISF\/resources\/images\/lines_background.png);\">\r\n    <div class=\"d-flex flex-column align-items-center justify-content-center pb-5\">\r\n        <h2 class=\"fw-bold isf-text-primary\">Code de d\u00e9ontologie<\/h2>\r\n        <div class=\"row justify-content-center w-25\">\r\n            <hr class=\"col-1 mt-3 border-3 isf-border-primary opacity-100\" \/>\r\n        <\/div>\r\n    <\/div>\r\n    <div class=\"row w-100 mb-4 mx-0 gx-5 behavior-rules-row\">\r\n        <div class=\"col-lg-6 d-flex align-items-start flex-column p-0 px-5 justify-content-between\">\r\n            <h5 class=\"text-secondary fw-bold mb-4\"> <\/h5>\r\n            <div class=\"h-100 d-flex flex-column justify-content-evenly\">\r\n                                    <div class=\"d-flex align-items-start justify-content-start mb-2\">\r\n                        <div style=\"width:auto !important\">\r\n                            <i class=\"isf-text-primary fs-3 me-3 bi bi-vinyl\"><\/i>\r\n                        <\/div>\r\n                        <div>\r\n                            <p style=\"font-size:16px; direction:ltr;\">Le pr\u00e9sent Code de d\u00e9ontologie vise \u00e0 d\u00e9finir les obligations des agents des Forces de S\u00e9curit\u00e9 Int\u00e9rieure et les normes juridiques et morales auxquelles ils sont tenus de se conformer au cours de l\u2019exercice de leurs fonctions. Il r\u00e9git, en outre, leurs relations avec les individus, les groupes et l\u2019ensemble des autorit\u00e9s et cherche \u00e0 garantir le respect des droits de l\u2019Homme et \u00e0 prot\u00e9ger les libert\u00e9s publiques, conform\u00e9ment \u00e0 la Constitution libanaise et aux standards internationaux.<\/p>\n                        <\/div>\r\n                    <\/div>\r\n                                    <div class=\"d-flex align-items-start justify-content-start mb-2\">\r\n                        <div style=\"width:auto !important\">\r\n                            <i class=\"isf-text-primary fs-3 me-3 bi bi-eye\"><\/i>\r\n                        <\/div>\r\n                        <div>\r\n                            <h4><strong>Notre Vision<\/strong><\/h4>\n<p style=\"font-size:16px; direction:ltr;\">Etre \u00e0 la hauteur des attentes des citoyens et b\u00e9n\u00e9ficier de leur pleine confiance.<\/p>\n                        <\/div>\r\n                    <\/div>\r\n                                    <div class=\"d-flex align-items-start justify-content-start mb-2\">\r\n                        <div style=\"width:auto !important\">\r\n                            <i class=\"isf-text-primary fs-3 me-3 bi bi-feather\"><\/i>\r\n                        <\/div>\r\n                        <div>\r\n                            <h4><strong>Notre Mission<\/strong><\/h4>\n<ul>\n<li>Maintenir la s\u00e9curit\u00e9 et l\u2019ordre<\/li>\n<li>Lutter contre la criminalit\u00e9 \u00e0 travers:\n<ul>\n<li>Des enqu\u00eates efficaces<\/li>\n<li>La pr\u00e9vention du crime<\/li>\n<li>L\u2019interpellation des auteurs du crime<\/li>\n<\/ul>\n<\/li>\n<li>Appliquer la loi de fa\u00e7on \u00e9gale<\/li>\n<li>Prot\u00e9ger les individus et les biens<\/li>\n<li>Prot\u00e9ger les droits et les libert\u00e9s<\/li>\n<li>Faciliter la vie quotidienne<\/li>\n<li>Investir les ressources de la meilleure fa\u00e7on possible<\/li>\n<\/ul>\n                        <\/div>\r\n                    <\/div>\r\n                                    <div class=\"d-flex align-items-start justify-content-start mb-2\">\r\n                        <div style=\"width:auto !important\">\r\n                            <i class=\"isf-text-primary fs-3 me-3 bi bi-shield-check\"><\/i>\r\n                        <\/div>\r\n                        <div>\r\n                            <h4><strong>Nos Valeurs<\/strong><\/h4>\n<ul>\n<li>Le Respect des Droits de l\u2019Homme<\/li>\n<li>L\u2019Honn\u00eatet\u00e9 et l\u2019Int\u00e9grit\u00e9<\/li>\n<li>La Justice et l\u2019Egalit\u00e9<\/li>\n<li>Le Leadership par l\u2019exemple<\/li>\n<li>Le Professionnalisme et la Courtoisie<\/li>\n<\/ul>\n                        <\/div>\r\n                    <\/div>\r\n                            <\/div>\r\n            <div>\r\n                <a href=\"https:\/\/isf.gov.lb\/wp-content\/uploads\/2024\/09\/CoCfrench.pdf\" download target=\"_blank\" class=\"btn btn-primary fw-bold isf-btn-primary p-2 border-0 rounded-pill d-flex align-items-center\">\r\n                    <i class=\"bi bi-chevron-right me-4 opacity-0\"><\/i>\r\n                    T\u00e9l\u00e9charger la brochure                    <i class=\"bi bi-chevron-right ms-4\"><\/i>\r\n                <\/a>\r\n            <\/div>\r\n        <\/div>\r\n        <div class=\"col-lg-6 p-0 pe-2\">\r\n            <img decoding=\"async\" src=\"https:\/\/isf.gov.lb\/wp-content\/uploads\/2024\/08\/28-code-of-conduct-scaled.jpg\" class=\"position-relative w-100 my-5 rounded-start-pill bg-cover bg-center bg-repeat-none isf-inset-shadow d-flex align-items-end justify-content-end\">\r\n            <!-- <div class=\"position-relative w-100 my-5 h-100 rounded-start-pill p-5 bg-cover bg-center bg-repeat-none isf-inset-shadow d-flex align-items-end justify-content-end\" style=\"background-image:url(https:\/\/isf.gov.lb\/wp-content\/uploads\/2024\/08\/28-code-of-conduct-scaled.jpg);max-height:500px; height:400px !important\">\r\n            <\/div> -->\r\n        <\/div>\r\n    <\/div>\r\n<\/section>","protected":false},"excerpt":{"rendered":"","protected":false},"author":1,"featured_media":0,"parent":0,"menu_order":0,"comment_status":"closed","ping_status":"closed","template":"blocks-pages.php","meta":{"_monsterinsights_skip_tracking":false,"_monsterinsights_sitenote_active":false,"_monsterinsights_sitenote_note":"","_monsterinsights_sitenote_category":0,"footnotes":""},"class_list":["post-1902","page","type-page","status-publish","hentry"],"acf":[],"_links":{"self":[{"href":"https:\/\/isf.gov.lb\/fr\/wp-json\/wp\/v2\/pages\/1902","targetHints":{"allow":["GET"]}}],"collection":[{"href":"https:\/\/isf.gov.lb\/fr\/wp-json\/wp\/v2\/pages"}],"about":[{"href":"https:\/\/isf.gov.lb\/fr\/wp-json\/wp\/v2\/types\/page"}],"author":[{"embeddable":true,"href":"https:\/\/isf.gov.lb\/fr\/wp-json\/wp\/v2\/users\/1"}],"replies":[{"embeddable":true,"href":"https:\/\/isf.gov.lb\/fr\/wp-json\/wp\/v2\/comments?post=1902"}],"version-history":[{"count":14,"href":"https:\/\/isf.gov.lb\/fr\/wp-json\/wp\/v2\/pages\/1902\/revisions"}],"predecessor-version":[{"id":24983,"href":"https:\/\/isf.gov.lb\/fr\/wp-json\/wp\/v2\/pages\/1902\/revisions\/24983"}],"wp:attachment":[{"href":"https:\/\/isf.gov.lb\/fr\/wp-json\/wp\/v2\/media?parent=1902"}],"curies":[{"name":"wp","href":"https:\/\/api.w.org\/{rel}","templated":true}]}}