{"id":1890,"date":"2023-11-24T05:17:43","date_gmt":"2023-11-24T05:17:43","guid":{"rendered":"http:\/\/194.126.11.162\/current-general-director\/"},"modified":"2024-09-04T06:19:23","modified_gmt":"2024-09-04T06:19:23","slug":"current-general-director","status":"publish","type":"page","link":"https:\/\/isf.gov.lb\/fr\/current-general-director\/","title":{"rendered":"Directeur G\u00e9n\u00e9ral Actuel"},"content":{"rendered":"\r\n<section class=\"w-100 py-5 bg-cover bg-center bg-repeat-none d-flex align-items-end justify-content-center\" style=\"background-image: linear-gradient(to bottom right, rgba(255, 255, 255, 0.3), rgba(0, 84, 158, 0.3)), url('https:\/\/isf.gov.lb\/wp-content\/uploads\/2024\/09\/6-about-us-scaled.jpg');height:40%\">\r\n    <h1 class=\"text-white fw-bold text-xl text-center text-capitalize\">\r\n        Aper\u00e7u    <\/h1>\r\n<\/section>\n\n<section class=\"w-100 py-5 bg-cover bg-center bg-repeat-none bg-light-subtle\" style=\"background-image: url(https:\/\/isf.gov.lb\/wp-content\/themes\/ISF\/resources\/images\/lines_background.png);\" id=\"currentDirectorSection\">\r\n    <div class=\"d-flex flex-column align-items-center justify-content-center pb-5\">\r\n        <h2 class=\"fw-bold isf-text-primary\">Directeur G\u00e9n\u00e9ral Actuel<\/h2>\r\n        <div class=\"row justify-content-center w-25\">\r\n            <hr class=\"col-1 mt-3 border-3 isf-border-primary opacity-100\" \/>\r\n        <\/div>\r\n    <\/div>\r\n                <div class=\"container-sm\">\r\n                <div class=\"row\">\r\n                    <div class=\"col-lg-4\">\r\n                        <div class=\"me-lg-5 mb-5 mb-lg-0 ratio ratio-1x1\">\r\n                            <img decoding=\"async\" src=\"https:\/\/isf.gov.lb\/wp-content\/uploads\/2025\/03\/liwae-2025.jpg\" class=\"object-fit-cover rounded-2 rounded-bottom-start-4 h-100\" style=\"object-position: top;\">\r\n                        <\/div>\r\n                    <\/div>\r\n                    <div class=\"col\">\r\n                        <h5><strong>Directeur G\u00e9n\u00e9ral des Forces de S\u00e9curit\u00e9 Int\u00e9rieure<\/strong><\/h5>\r\n<h5><strong>Le G\u00e9n\u00e9ral\u00a0 de division Raed Abdallah<\/strong><\/h5>\r\n<ul>\r\n \t<li>N\u00e9 en 1972, Chhim \u2013 Chouf<\/li>\r\n \t<li>Mari\u00e9 \u00e0 Madame Rima Abdallah et p\u00e8re de quatre enfants<\/li>\r\n \t<li>A int\u00e9gr\u00e9 l&rsquo;\u00c9cole militaire le 04-01-1993 et en est sorti avec le grade de sous-lieutenant le 01-08-1995<\/li>\r\n \t<li>A progress\u00e9 dans les grades jusqu&rsquo;\u00e0 atteindre le grade de G\u00e9n\u00e9ral de division le 13-03-2025, et a \u00e9t\u00e9 nomm\u00e9 Directeur G\u00e9n\u00e9ral des Forces de S\u00e9curit\u00e9 Int\u00e9rieure.<\/li>\r\n<\/ul>\r\n<h5><strong><u>Formation acad\u00e9mique<\/u><\/strong><\/h5>\r\n<ul>\r\n \t<li>Baccalaur\u00e9at libanais, section 2, sp\u00e9cialit\u00e9 math\u00e9matiques, en 1990<\/li>\r\n \t<li>Licence en sciences militaires (\u00c9cole militaire)<\/li>\r\n \t<li>Licence en sciences de l&rsquo;information de l&rsquo;Universit\u00e9 Libanaise<\/li>\r\n \t<li>Dipl\u00f4me d&rsquo;\u00e9tudes sup\u00e9rieures (Master) sp\u00e9cialis\u00e9 en gestion des affaires<\/li>\r\n \t<li>Doctorat en sciences des donn\u00e9es de l&rsquo;Universit\u00e9 Paris Cit\u00e9<\/li>\r\n \t<li>Ma\u00eetrise des langues fran\u00e7aise et anglaise<\/li>\r\n<\/ul>\r\nIl a occup\u00e9 plusieurs postes au sein de la Direction g\u00e9n\u00e9rale des Forces de S\u00e9curit\u00e9 Int\u00e9rieure, dont le dernier \u00e9tait celui de Chef de la section technique de la Division des renseignements depuis 2008.\r\nIl a particip\u00e9 \u00e0 de nombreuses formations et conf\u00e9rences, tant au niveau national qu&rsquo;international, dans divers domaines.\r\n<h5 style=\"margin-top: 20px;\"><strong><u>D\u00e9corations et M\u00e9dailles re\u00e7ues:<\/u><\/strong><\/h5>\r\n<ul>\r\n \t<li>Ordre du C\u00e8dre, grade de Chevalier<\/li>\r\n \t<li>Ordre du M\u00e9rite Libanais, classes (troisi\u00e8me et deuxi\u00e8me)<\/li>\r\n \t<li>M\u00e9daille du Minist\u00e8re de l&rsquo;Int\u00e9rieur et des Municipalit\u00e9s<\/li>\r\n \t<li>M\u00e9daille des Forces de S\u00e9curit\u00e9 Int\u00e9rieure<\/li>\r\n \t<li>M\u00e9daille du M\u00e9rite.<\/li>\r\n<\/ul>                    <\/div>\r\n                <\/div>\r\n            <\/div>\r\n    <\/section>","protected":false},"excerpt":{"rendered":"","protected":false},"author":1,"featured_media":0,"parent":0,"menu_order":0,"comment_status":"closed","ping_status":"closed","template":"blocks-pages.php","meta":{"_monsterinsights_skip_tracking":false,"_monsterinsights_sitenote_active":false,"_monsterinsights_sitenote_note":"","_monsterinsights_sitenote_category":0,"footnotes":""},"class_list":["post-1890","page","type-page","status-publish","hentry"],"acf":[],"_links":{"self":[{"href":"https:\/\/isf.gov.lb\/fr\/wp-json\/wp\/v2\/pages\/1890","targetHints":{"allow":["GET"]}}],"collection":[{"href":"https:\/\/isf.gov.lb\/fr\/wp-json\/wp\/v2\/pages"}],"about":[{"href":"https:\/\/isf.gov.lb\/fr\/wp-json\/wp\/v2\/types\/page"}],"author":[{"embeddable":true,"href":"https:\/\/isf.gov.lb\/fr\/wp-json\/wp\/v2\/users\/1"}],"replies":[{"embeddable":true,"href":"https:\/\/isf.gov.lb\/fr\/wp-json\/wp\/v2\/comments?post=1890"}],"version-history":[{"count":7,"href":"https:\/\/isf.gov.lb\/fr\/wp-json\/wp\/v2\/pages\/1890\/revisions"}],"predecessor-version":[{"id":7702,"href":"https:\/\/isf.gov.lb\/fr\/wp-json\/wp\/v2\/pages\/1890\/revisions\/7702"}],"wp:attachment":[{"href":"https:\/\/isf.gov.lb\/fr\/wp-json\/wp\/v2\/media?parent=1890"}],"curies":[{"name":"wp","href":"https:\/\/api.w.org\/{rel}","templated":true}]}}