{"id":1886,"date":"2023-11-24T05:16:41","date_gmt":"2023-11-24T05:16:41","guid":{"rendered":"http:\/\/194.126.11.162\/strategic-plan\/"},"modified":"2024-09-25T10:52:09","modified_gmt":"2024-09-25T10:52:09","slug":"strategic-plan","status":"publish","type":"page","link":"https:\/\/isf.gov.lb\/fr\/strategic-plan\/","title":{"rendered":"Strategic Plan"},"content":{"rendered":"\r\n<section class=\"w-100 py-5 bg-cover bg-center bg-repeat-none d-flex align-items-end justify-content-center\" style=\"background-image: linear-gradient(to bottom right, rgba(255, 255, 255, 0.3), rgba(0, 84, 158, 0.3)), url('https:\/\/isf.gov.lb\/wp-content\/uploads\/2024\/09\/6-about-us-scaled.jpg');height:40%\">\r\n    <h1 class=\"text-white fw-bold text-xl text-center text-capitalize\">\r\n        About us    <\/h1>\r\n<\/section>\n\n<section class=\"w-100 py-5 bg-cover bg-center bg-repeat-none bg-light-subtle\" style=\"background-image: url(https:\/\/isf.gov.lb\/wp-content\/themes\/ISF\/resources\/images\/lines_background.png);\">\r\n    <div class=\"d-flex flex-column align-items-center justify-content-center pb-5\">\r\n        <h2 class=\"fw-bold isf-text-primary\">Plan Strat\u00e9gique<\/h2>\r\n        <div class=\"row justify-content-center w-25\">\r\n            <hr class=\"col-1 mt-3 border-3 isf-border-primary opacity-100\" \/>\r\n        <\/div>\r\n    <\/div>\r\n    <div class=\"container-sm\">\r\n        <div class=\"row align-items-start w-100 mb-4 mx-0 g-3\">\r\n            <div class=\"col-lg-6 gx-5\">\r\n                <iframe src=\"https:\/\/www.youtube.com\/embed\/JqV0_4KyscU?si=GM7X3_fV3aQawm8p\" class=\"w-100\" style=\"aspect-ratio: 16 \/ 9;\"><\/iframe>\r\n            <\/div>\r\n            <div class=\"col-lg-6 d-flex align-items-start flex-column gx-5\">\r\n                <p style=\"font-size:16px; direction:ltr;\">Le Plan strat\u00e9gique 2018-2022 a \u00e9t\u00e9 \u00e9labor\u00e9 sur la base de consultations approfondies avec des parties prenantes externes et internes. Le public, le personnel de l&rsquo;ISF et nos partenaires internationaux ont tous \u00e9t\u00e9 impliqu\u00e9s dans le processus de planification strat\u00e9gique, contribuant ainsi \u00e0 \u00e9clairer les priorit\u00e9s et les objectifs strat\u00e9giques.<\/p>\n<p style=\"font-size:16px; direction:ltr;\">Quatre objectifs strat\u00e9giques ont \u00e9t\u00e9 convenus pour guider et concentrer notre travail au cours des cinq prochaines ann\u00e9es. Ils constituent le noyau du maintien de l\u2019ordre au Liban, r\u00e9pondant \u00e0 la question de savoir ce que nous faisons, comment nous le faisons et ce dont nous avons besoin pour le faire efficacement.<\/p>\n<p style=\"font-size:16px; direction:ltr;\">Le premier objectif, promouvoir la s\u00fbret\u00e9, la stabilit\u00e9 et la s\u00e9curit\u00e9 en luttant contre le terrorisme et la criminalit\u00e9, constitue notre mission principale et le c\u0153ur de notre action.<\/p>\n<p style=\"font-size:16px; direction:ltr;\">Les objectifs deux et trois se concentrent sur la mani\u00e8re dont nous menons cette mission\u00a0: en \u00e9tablissant des partenariats avec la communaut\u00e9, en restant responsables envers le public que nous servons et en prot\u00e9geant les droits de l&rsquo;homme.<\/p>\n<p style=\"font-size:16px; direction:ltr;\">Enfin, le quatri\u00e8me objectif vise \u00e0 am\u00e9liorer le professionnalisme ainsi que l\u2019efficience et l\u2019efficacit\u00e9 organisationnelles, en abordant la question de savoir ce dont nous avons besoin pour remplir efficacement cette mission.<\/p>\n            <\/div>\r\n        <\/div>\r\n        <div class=\"d-flex justify-content-center mt-3\">\r\n            <a href=\"https:\/\/isf.gov.lb\/wp-content\/uploads\/2024\/09\/ISF-SP-Booklet-english.pdf\" download target=\"_blank\" class=\"btn btn-primary fw-bold isf-btn-primary p-2 border-0 rounded-pill d-flex align-items-center\">\r\n                <i class=\"bi bi-chevron-right me-4 opacity-0\"><\/i>\r\n                T\u00e9l\u00e9charger la brochure &#8211; EN                <i class=\"bi bi-chevron-right ms-4\"><\/i>\r\n            <\/a>\r\n        <\/div>\r\n    <\/div>\r\n<\/section>\n\n\n<p><\/p>\n","protected":false},"excerpt":{"rendered":"","protected":false},"author":1,"featured_media":0,"parent":0,"menu_order":0,"comment_status":"closed","ping_status":"closed","template":"blocks-pages.php","meta":{"_monsterinsights_skip_tracking":false,"_monsterinsights_sitenote_active":false,"_monsterinsights_sitenote_note":"","_monsterinsights_sitenote_category":0,"footnotes":""},"class_list":["post-1886","page","type-page","status-publish","hentry"],"acf":[],"_links":{"self":[{"href":"https:\/\/isf.gov.lb\/fr\/wp-json\/wp\/v2\/pages\/1886","targetHints":{"allow":["GET"]}}],"collection":[{"href":"https:\/\/isf.gov.lb\/fr\/wp-json\/wp\/v2\/pages"}],"about":[{"href":"https:\/\/isf.gov.lb\/fr\/wp-json\/wp\/v2\/types\/page"}],"author":[{"embeddable":true,"href":"https:\/\/isf.gov.lb\/fr\/wp-json\/wp\/v2\/users\/1"}],"replies":[{"embeddable":true,"href":"https:\/\/isf.gov.lb\/fr\/wp-json\/wp\/v2\/comments?post=1886"}],"version-history":[{"count":15,"href":"https:\/\/isf.gov.lb\/fr\/wp-json\/wp\/v2\/pages\/1886\/revisions"}],"predecessor-version":[{"id":23714,"href":"https:\/\/isf.gov.lb\/fr\/wp-json\/wp\/v2\/pages\/1886\/revisions\/23714"}],"wp:attachment":[{"href":"https:\/\/isf.gov.lb\/fr\/wp-json\/wp\/v2\/media?parent=1886"}],"curies":[{"name":"wp","href":"https:\/\/api.w.org\/{rel}","templated":true}]}}