{"id":1880,"date":"2023-11-24T05:15:14","date_gmt":"2023-11-24T05:15:14","guid":{"rendered":"http:\/\/194.126.11.162\/our-units\/"},"modified":"2024-09-04T06:22:07","modified_gmt":"2024-09-04T06:22:07","slug":"our-units","status":"publish","type":"page","link":"https:\/\/isf.gov.lb\/fr\/our-units\/","title":{"rendered":"Nos unit\u00e9s"},"content":{"rendered":"\r\n<section class=\"w-100 py-5 bg-cover bg-center bg-repeat-none d-flex align-items-end justify-content-center\" style=\"background-image: linear-gradient(to bottom right, rgba(255, 255, 255, 0.3), rgba(0, 84, 158, 0.3)), url('https:\/\/isf.gov.lb\/wp-content\/uploads\/2024\/09\/6-about-us-scaled.jpg');height:40%\">\r\n    <h1 class=\"text-white fw-bold text-xl text-center text-capitalize\">\r\n        Aper\u00e7u    <\/h1>\r\n<\/section>\n\n<section class=\"w-100 py-5 bg-cover bg-center bg-repeat-none bg-light-subtle\" style=\"background-image: url(https:\/\/isf.gov.lb\/wp-content\/themes\/ISF\/resources\/images\/lines_background.png);\" id=\"ourUnitsSection\">\r\n    <div class=\"d-flex flex-column align-items-center justify-content-center pb-5\">\r\n        <h2 class=\"fw-bold isf-text-primary\">Nos unit\u00e9s<\/h2>\r\n        <div class=\"row justify-content-center w-25\">\r\n            <hr class=\"col-1 mt-3 border-3 isf-border-primary opacity-100\" \/>\r\n        <\/div>\r\n    <\/div>\r\n    <div class=\"container\">\r\n        <div class=\"row row-gap-3\">\r\n                                <div class=\"col-lg-3\">\r\n                        <div class=\"d-flex flex-column rounded-bottom-2 rounded-bottom-end-2 rounded-top-2 rounded-top-start-2 h-100 border position-relative\">\r\n                            <div class=\"p-3 bg-white rounded-top-2 rounded-top-start-2 w-100 d-flex justify-content-center\">\r\n                                <div class=\"d-flex flex-column align-items-center justify-content-center h-100\">\r\n                                    <img decoding=\"async\" src=\"https:\/\/isf.gov.lb\/wp-content\/uploads\/2023\/08\/\u0627\u0644\u0645\u0641\u062a\u0634\u064a\u0629-\u0627\u0644\u0639\u0627\u0645\u0629.png\" class=\"object-fit-cover w-50 h-auto mb-2\">\r\n                                    <p class=\"fs-5 fw-bold m-0 d-flex text-dark align-items-center\" style=\"justify-content:center !important\">\r\n                                        Inspection g\u00e9n\u00e9rale                                    <\/p>\r\n                                <\/div>\r\n                            <\/div>\r\n                            <div class=\"p-3 bg-body-tertiary rounded-bottom-2 rounded-bottom-end-2 w-100 h-100 d-flex justify-content-center\">\r\n                                <p class=\"line-clamp-8 m-0\">\r\n                                    Il est soucieux de contr\u00f4ler le service dans toutes ses branches dans les diff\u00e9rents secteurs des Forces de S\u00e9curit\u00e9 Int\u00e9rieure, et qu&rsquo;il soit mis en \u0153uvre dans les limites des lois et r\u00e8glements applicables, et d&rsquo;instruire les informations et plaintes qui lui sont transmises par le Ministre de l&rsquo;Int\u00e9rieur. sur les actions des membres des forces de s\u00e9curit\u00e9 int\u00e9rieure qui violent l&rsquo;ordre public.                                <\/p>\r\n                                                                    <a class=\"stretched-link\" href=\"https:\/\/isf.gov.lb\/fr\/internal_links\/inspection-generale\/\"><\/a>\r\n                                                            <\/div>\r\n                        <\/div>\r\n                    <\/div>\r\n                                <div class=\"col-lg-3\">\r\n                        <div class=\"d-flex flex-column rounded-bottom-2 rounded-bottom-end-2 rounded-top-2 rounded-top-start-2 h-100 border position-relative\">\r\n                            <div class=\"p-3 bg-white rounded-top-2 rounded-top-start-2 w-100 d-flex justify-content-center\">\r\n                                <div class=\"d-flex flex-column align-items-center justify-content-center h-100\">\r\n                                    <img decoding=\"async\" src=\"https:\/\/isf.gov.lb\/wp-content\/uploads\/2023\/09\/ISF-Institute.png\" class=\"object-fit-cover w-50 h-auto mb-2\">\r\n                                    <p class=\"fs-5 fw-bold m-0 d-flex text-dark align-items-center\" style=\"justify-content:center !important\">\r\n                                        Institut ISF                                    <\/p>\r\n                                <\/div>\r\n                            <\/div>\r\n                            <div class=\"p-3 bg-body-tertiary rounded-bottom-2 rounded-bottom-end-2 w-100 h-100 d-flex justify-content-center\">\r\n                                <p class=\"line-clamp-8 m-0\">\r\n                                    Il regroupe tous les coll\u00e8ges et \u00e9coles des Forces de S\u00e9curit\u00e9 Int\u00e9rieure et leurs centres de formation.                                <\/p>\r\n                                                                    <a class=\"stretched-link\" href=\"https:\/\/isf.gov.lb\/internal_links\/institute-of-internal-security-forces\/\"><\/a>\r\n                                                            <\/div>\r\n                        <\/div>\r\n                    <\/div>\r\n                                <div class=\"col-lg-3\">\r\n                        <div class=\"d-flex flex-column rounded-bottom-2 rounded-bottom-end-2 rounded-top-2 rounded-top-start-2 h-100 border position-relative\">\r\n                            <div class=\"p-3 bg-white rounded-top-2 rounded-top-start-2 w-100 d-flex justify-content-center\">\r\n                                <div class=\"d-flex flex-column align-items-center justify-content-center h-100\">\r\n                                    <img decoding=\"async\" src=\"https:\/\/isf.gov.lb\/wp-content\/uploads\/2023\/11\/1252arkan.jpg\" class=\"object-fit-cover w-50 h-auto mb-2\">\r\n                                    <p class=\"fs-5 fw-bold m-0 d-flex text-dark align-items-center\" style=\"justify-content:center !important\">\r\n                                        Etat &#8211; Major                                    <\/p>\r\n                                <\/div>\r\n                            <\/div>\r\n                            <div class=\"p-3 bg-body-tertiary rounded-bottom-2 rounded-bottom-end-2 w-100 h-100 d-flex justify-content-center\">\r\n                                <p class=\"line-clamp-8 m-0\">\r\n                                    Comprend les d\u00e9partements charg\u00e9s de pr\u00e9parer les \u00e9tudes et de fournir des consultations au directeur g\u00e9n\u00e9ral.                                <\/p>\r\n                                                            <\/div>\r\n                        <\/div>\r\n                    <\/div>\r\n                                <div class=\"col-lg-3\">\r\n                        <div class=\"d-flex flex-column rounded-bottom-2 rounded-bottom-end-2 rounded-top-2 rounded-top-start-2 h-100 border position-relative\">\r\n                            <div class=\"p-3 bg-white rounded-top-2 rounded-top-start-2 w-100 d-flex justify-content-center\">\r\n                                <div class=\"d-flex flex-column align-items-center justify-content-center h-100\">\r\n                                    <img decoding=\"async\" src=\"https:\/\/isf.gov.lb\/wp-content\/uploads\/2023\/11\/28009mobile.jpg\" class=\"object-fit-cover w-50 h-auto mb-2\">\r\n                                    <p class=\"fs-5 fw-bold m-0 d-flex text-dark align-items-center\" style=\"justify-content:center !important\">\r\n                                        Gendarmerie mobile                                    <\/p>\r\n                                <\/div>\r\n                            <\/div>\r\n                            <div class=\"p-3 bg-body-tertiary rounded-bottom-2 rounded-bottom-end-2 w-100 h-100 d-flex justify-content-center\">\r\n                                <p class=\"line-clamp-8 m-0\">\r\n                                    Ces forces constituent la r\u00e9serve g\u00e9n\u00e9rale des Forces de s\u00e9curit\u00e9 int\u00e9rieure, qui doivent pr\u00e9parer en taille, organisation, \u00e9quipement et entra\u00eenement aux op\u00e9rations de maintien de l&rsquo;ordre et de consolidation de la s\u00e9curit\u00e9, notamment les plus importantes, dans toutes les r\u00e9gions libanaises. Elles comprennent toutes les unit\u00e9s actives stationn\u00e9es \u00e0 Beyrouth et \u00e0 l\u2019ext\u00e9rieur.                                <\/p>\r\n                                                            <\/div>\r\n                        <\/div>\r\n                    <\/div>\r\n                                <div class=\"col-lg-3\">\r\n                        <div class=\"d-flex flex-column rounded-bottom-2 rounded-bottom-end-2 rounded-top-2 rounded-top-start-2 h-100 border position-relative\">\r\n                            <div class=\"p-3 bg-white rounded-top-2 rounded-top-start-2 w-100 d-flex justify-content-center\">\r\n                                <div class=\"d-flex flex-column align-items-center justify-content-center h-100\">\r\n                                    <img decoding=\"async\" src=\"https:\/\/isf.gov.lb\/wp-content\/uploads\/2023\/11\/15902social.jpg\" class=\"object-fit-cover w-50 h-auto mb-2\">\r\n                                    <p class=\"fs-5 fw-bold m-0 d-flex text-dark align-items-center\" style=\"justify-content:center !important\">\r\n                                        Services sociaux                                    <\/p>\r\n                                <\/div>\r\n                            <\/div>\r\n                            <div class=\"p-3 bg-body-tertiary rounded-bottom-2 rounded-bottom-end-2 w-100 h-100 d-flex justify-content-center\">\r\n                                <p class=\"line-clamp-8 m-0\">\r\n                                    Les Services Sociaux comprennent la revue des Forces de S\u00e9curit\u00e9 Int\u00e9rieure, les fonds \u00e0 caract\u00e8re sp\u00e9cial cr\u00e9\u00e9s par d\u00e9crets au profit des Forces de S\u00e9curit\u00e9 Int\u00e9rieure, les institutions affili\u00e9es \u00e0 ces fonds, les clubs et autres services culturels, intellectuels et sociaux.                                <\/p>\r\n                                                            <\/div>\r\n                        <\/div>\r\n                    <\/div>\r\n                                <div class=\"col-lg-3\">\r\n                        <div class=\"d-flex flex-column rounded-bottom-2 rounded-bottom-end-2 rounded-top-2 rounded-top-start-2 h-100 border position-relative\">\r\n                            <div class=\"p-3 bg-white rounded-top-2 rounded-top-start-2 w-100 d-flex justify-content-center\">\r\n                                <div class=\"d-flex flex-column align-items-center justify-content-center h-100\">\r\n                                    <img decoding=\"async\" src=\"https:\/\/isf.gov.lb\/wp-content\/uploads\/2023\/11\/Security-apparatus-of-embassies_-administrations-and-public-institutions.png\" class=\"object-fit-cover w-50 h-auto mb-2\">\r\n                                    <p class=\"fs-5 fw-bold m-0 d-flex text-dark align-items-center\" style=\"justify-content:center !important\">\r\n                                        Forces de la S\u00e9curit\u00e9 des Ambassades                                    <\/p>\r\n                                <\/div>\r\n                            <\/div>\r\n                            <div class=\"p-3 bg-body-tertiary rounded-bottom-2 rounded-bottom-end-2 w-100 h-100 d-flex justify-content-center\">\r\n                                <p class=\"line-clamp-8 m-0\">\r\n                                    Ses comp\u00e9tences s&rsquo;\u00e9tendent \u00e0 tous les territoires libanais et comprennent toutes les unit\u00e9s charg\u00e9es de garder les domiciles des missions diplomatiques au Liban et de leurs institutions affili\u00e9es, ainsi que les services et institutions publics.                                <\/p>\r\n                                                            <\/div>\r\n                        <\/div>\r\n                    <\/div>\r\n                                <div class=\"col-lg-3\">\r\n                        <div class=\"d-flex flex-column rounded-bottom-2 rounded-bottom-end-2 rounded-top-2 rounded-top-start-2 h-100 border position-relative\">\r\n                            <div class=\"p-3 bg-white rounded-top-2 rounded-top-start-2 w-100 d-flex justify-content-center\">\r\n                                <div class=\"d-flex flex-column align-items-center justify-content-center h-100\">\r\n                                    <img decoding=\"async\" src=\"https:\/\/isf.gov.lb\/wp-content\/uploads\/2023\/11\/18991beirutp.jpg\" class=\"object-fit-cover w-50 h-auto mb-2\">\r\n                                    <p class=\"fs-5 fw-bold m-0 d-flex text-dark align-items-center\" style=\"justify-content:center !important\">\r\n                                        Police de Beyrouth                                    <\/p>\r\n                                <\/div>\r\n                            <\/div>\r\n                            <div class=\"p-3 bg-body-tertiary rounded-bottom-2 rounded-bottom-end-2 w-100 h-100 d-flex justify-content-center\">\r\n                                <p class=\"line-clamp-8 m-0\">\r\n                                    La police de Beyrouth supervise l&rsquo;application des lois dans la ville de Beyrouth. Leurs t\u00e2ches comprennent le maintien de l&rsquo;ordre, la garantie de la s\u00e9curit\u00e9 publique et la coordination avec diverses unit\u00e9s, \u00e0 l&rsquo;exception de celles partiellement ou totalement li\u00e9es \u00e0 d&rsquo;autres unit\u00e9s.                                <\/p>\r\n                                                            <\/div>\r\n                        <\/div>\r\n                    <\/div>\r\n                                <div class=\"col-lg-3\">\r\n                        <div class=\"d-flex flex-column rounded-bottom-2 rounded-bottom-end-2 rounded-top-2 rounded-top-start-2 h-100 border position-relative\">\r\n                            <div class=\"p-3 bg-white rounded-top-2 rounded-top-start-2 w-100 d-flex justify-content-center\">\r\n                                <div class=\"d-flex flex-column align-items-center justify-content-center h-100\">\r\n                                    <img decoding=\"async\" src=\"https:\/\/isf.gov.lb\/wp-content\/uploads\/2024\/09\/Territorial-Gendarmerie.png\" class=\"object-fit-cover w-50 h-auto mb-2\">\r\n                                    <p class=\"fs-5 fw-bold m-0 d-flex text-dark align-items-center\" style=\"justify-content:center !important\">\r\n                                        Gendarmerie Territoriale                                    <\/p>\r\n                                <\/div>\r\n                            <\/div>\r\n                            <div class=\"p-3 bg-body-tertiary rounded-bottom-2 rounded-bottom-end-2 w-100 h-100 d-flex justify-content-center\">\r\n                                <p class=\"line-clamp-8 m-0\">\r\n                                    Elle comprend toutes les unit\u00e9s op\u00e9rant en dehors de Beyrouth, \u00e0 l&rsquo;exception de celles qui restent totalement ou partiellement li\u00e9es \u00e0 l&rsquo;une des autres unit\u00e9s.                                <\/p>\r\n                                                            <\/div>\r\n                        <\/div>\r\n                    <\/div>\r\n                                <div class=\"col-lg-3\">\r\n                        <div class=\"d-flex flex-column rounded-bottom-2 rounded-bottom-end-2 rounded-top-2 rounded-top-start-2 h-100 border position-relative\">\r\n                            <div class=\"p-3 bg-white rounded-top-2 rounded-top-start-2 w-100 d-flex justify-content-center\">\r\n                                <div class=\"d-flex flex-column align-items-center justify-content-center h-100\">\r\n                                    <img decoding=\"async\" src=\"https:\/\/isf.gov.lb\/wp-content\/uploads\/2024\/09\/Central-Administration.png\" class=\"object-fit-cover w-50 h-auto mb-2\">\r\n                                    <p class=\"fs-5 fw-bold m-0 d-flex text-dark align-items-center\" style=\"justify-content:center !important\">\r\n                                        Administration centrale                                    <\/p>\r\n                                <\/div>\r\n                            <\/div>\r\n                            <div class=\"p-3 bg-body-tertiary rounded-bottom-2 rounded-bottom-end-2 w-100 h-100 d-flex justify-content-center\">\r\n                                <p class=\"line-clamp-8 m-0\">\r\n                                    Elle comprend les unit\u00e9s administratives et techniques charg\u00e9es de g\u00e9rer les fonds, les fournitures et les \u00e9quipements des Forces de S\u00e9curit\u00e9 Int\u00e9rieure ainsi que les b\u00e2timents qui leur sont affili\u00e9s ou mis \u00e0 leur disposition.                                <\/p>\r\n                                                            <\/div>\r\n                        <\/div>\r\n                    <\/div>\r\n                                <div class=\"col-lg-3\">\r\n                        <div class=\"d-flex flex-column rounded-bottom-2 rounded-bottom-end-2 rounded-top-2 rounded-top-start-2 h-100 border position-relative\">\r\n                            <div class=\"p-3 bg-white rounded-top-2 rounded-top-start-2 w-100 d-flex justify-content-center\">\r\n                                <div class=\"d-flex flex-column align-items-center justify-content-center h-100\">\r\n                                    <img decoding=\"async\" src=\"https:\/\/isf.gov.lb\/wp-content\/uploads\/2024\/09\/Judiciary-police.png\" class=\"object-fit-cover w-50 h-auto mb-2\">\r\n                                    <p class=\"fs-5 fw-bold m-0 d-flex text-dark align-items-center\" style=\"justify-content:center !important\">\r\n                                        Police Judiciaire                                    <\/p>\r\n                                <\/div>\r\n                            <\/div>\r\n                            <div class=\"p-3 bg-body-tertiary rounded-bottom-2 rounded-bottom-end-2 w-100 h-100 d-flex justify-content-center\">\r\n                                <p class=\"line-clamp-8 m-0\">\r\n                                    Ses comp\u00e9tences s&rsquo;\u00e9tendent \u00e0 tous les territoires libanais et comprennent les unit\u00e9s de police scientifique, les unit\u00e9s de police touristique, les unit\u00e9s de lutte contre la criminalit\u00e9 et les unit\u00e9s de recherche et d&rsquo;enqu\u00eate.                                <\/p>\r\n                                                            <\/div>\r\n                        <\/div>\r\n                    <\/div>\r\n                    <\/div>\r\n<\/section>","protected":false},"excerpt":{"rendered":"","protected":false},"author":1,"featured_media":0,"parent":0,"menu_order":0,"comment_status":"closed","ping_status":"closed","template":"blocks-pages.php","meta":{"_monsterinsights_skip_tracking":false,"_monsterinsights_sitenote_active":false,"_monsterinsights_sitenote_note":"","_monsterinsights_sitenote_category":0,"footnotes":""},"class_list":["post-1880","page","type-page","status-publish","hentry"],"acf":[],"_links":{"self":[{"href":"https:\/\/isf.gov.lb\/fr\/wp-json\/wp\/v2\/pages\/1880","targetHints":{"allow":["GET"]}}],"collection":[{"href":"https:\/\/isf.gov.lb\/fr\/wp-json\/wp\/v2\/pages"}],"about":[{"href":"https:\/\/isf.gov.lb\/fr\/wp-json\/wp\/v2\/types\/page"}],"author":[{"embeddable":true,"href":"https:\/\/isf.gov.lb\/fr\/wp-json\/wp\/v2\/users\/1"}],"replies":[{"embeddable":true,"href":"https:\/\/isf.gov.lb\/fr\/wp-json\/wp\/v2\/comments?post=1880"}],"version-history":[{"count":7,"href":"https:\/\/isf.gov.lb\/fr\/wp-json\/wp\/v2\/pages\/1880\/revisions"}],"predecessor-version":[{"id":7714,"href":"https:\/\/isf.gov.lb\/fr\/wp-json\/wp\/v2\/pages\/1880\/revisions\/7714"}],"wp:attachment":[{"href":"https:\/\/isf.gov.lb\/fr\/wp-json\/wp\/v2\/media?parent=1880"}],"curies":[{"name":"wp","href":"https:\/\/api.w.org\/{rel}","templated":true}]}}