{"id":1874,"date":"2023-11-24T05:14:13","date_gmt":"2023-11-24T05:14:13","guid":{"rendered":"http:\/\/194.126.11.162\/historical-overview\/"},"modified":"2024-09-04T06:18:30","modified_gmt":"2024-09-04T06:18:30","slug":"historical-overview","status":"publish","type":"page","link":"https:\/\/isf.gov.lb\/fr\/historical-overview\/","title":{"rendered":"Aper\u00e7u historique"},"content":{"rendered":"\r\n<section class=\"w-100 py-5 bg-cover bg-center bg-repeat-none d-flex align-items-end justify-content-center\" style=\"background-image: linear-gradient(to bottom right, rgba(255, 255, 255, 0.3), rgba(0, 84, 158, 0.3)), url('https:\/\/isf.gov.lb\/wp-content\/uploads\/2024\/09\/6-about-us-scaled.jpg');height:40%\">\r\n    <h1 class=\"text-white fw-bold text-xl text-center text-capitalize\">\r\n        Aper\u00e7u    <\/h1>\r\n<\/section>\n\n<section class=\"w-100 py-5 bg-cover bg-center bg-repeat-none bg-light-subtle\" style=\"background-image: url(https:\/\/isf.gov.lb\/wp-content\/themes\/ISF\/resources\/images\/lines_background.png);\">\r\n    <div class=\"d-flex flex-column align-items-center justify-content-center pb-5\">\r\n        <h2 class=\"fw-bold isf-text-primary\">Aper\u00e7u historique<\/h2>\r\n        <div class=\"row justify-content-center w-25\">\r\n            <hr class=\"col-1 mt-3 border-3 isf-border-primary opacity-100\" \/>\r\n        <\/div>\r\n    <\/div>\r\n                <div class=\"row w-100 mb-4 mx-0 gx-5 gy-3\">\r\n                <div class=\"col-6\">\r\n                <\/div>\r\n                <div class=\"col-6\">\r\n                    <p><\/p>\r\n                <\/div>\r\n            <\/div>\r\n            <div class=\"row w-100 mb-4 mx-0 gx-5 gy-3\">\r\n                <div class=\"col-lg-6 p-0 pe-2\">\r\n                    <img decoding=\"async\" class=\"position-relative w-100 rounded-end-pill  isf-inset-shadow d-flex align-items-end justify-content-end\" src=\"https:\/\/isf.gov.lb\/wp-content\/uploads\/2023\/09\/7-historical-over-view-op2-scaled.jpg\">\r\n                    <!-- <div class=\"position-relative w-100 h-100 rounded-end-pill p-5 bg-cover bg-center bg-repeat-none isf-inset-shadow d-flex align-items-end justify-content-end mb-5\" style=\"background-image:url(https:\/\/isf.gov.lb\/wp-content\/uploads\/2023\/09\/7-historical-over-view-op2-scaled.jpg);\">\r\n                    <\/div> -->\r\n                <\/div>\r\n                <div id=\"historicalInfoTiles\" class=\"col-lg-6 d-flex align-items-start flex-column py-0 px-3\">\r\n                    <div class=\"w-100\">\r\n                        <div class=\"row gy-3\">\r\n                                                                <div class=\"col-12\">\r\n                                        <div class=\"card border-0 shadow-sm p-3 rounded-2 shadow-sm bg-secondary-subtle\">\r\n                                            <div class=\"row gx-3 align-items-center\">\r\n                                                <div class=\"col\">\r\n                                                    <p style=\"font-size:16px; direction:ltr;\"><strong>Les forces de s\u00e9curit\u00e9 int\u00e9rieure sont des forces publiques arm\u00e9es, dont les comp\u00e9tences s\u2019\u00e9tendent sur tous les territoires Libanais, les eaux et les airs r\u00e9gionaux qui y sont rattach\u00e9s , mais leurs fonctions, ou r\u00f4les, se limitent \u00e0 ce qui suit :<\/strong><\/p>\n                                                <\/div>\r\n                                            <\/div>\r\n                                        <\/div>\r\n                                    <\/div>\r\n                                                            \r\n                                    <div class=\"col-12\">\r\n                                        <div class=\"card border-0 shadow-sm p-3 rounded-2 shadow-sm bg-secondary-subtle\">\r\n                                            <div class=\"row gx-3 align-items-center\">\r\n                                                <div class=\"col-4 col-md-2\">\r\n                                                    <img decoding=\"async\" src=\"https:\/\/isf.gov.lb\/wp-content\/uploads\/2023\/09\/mobile-icon-3.png\" class=\"w-100 h-auto\">\r\n                                                <\/div>\r\n                                                <div class=\"col\">\r\n                                                    <h3>Par rapport \u00e0 la police administrative<\/h3>\n<ul>\n<li>Maintien de l\u2019ordre et renforcement de la s\u00e9curit\u00e9<\/li>\n<li>Garantie de la tranquillit\u00e9 publique<\/li>\n<li>Protection des personnes et des propri\u00e9t\u00e9s<\/li>\n<li>Protection des libert\u00e9s dans le cadre de la loi<\/li>\n<li>Veil \u00e0 appliquer les lois et les r\u00e8glements qui y sont rattach\u00e9s<strong>\u00a0<\/strong><\/li>\n<\/ul>\n                                                <\/div>\r\n                                            <\/div>\r\n                                        <\/div>\r\n                                    <\/div>\r\n                                                            \r\n                                    <div class=\"col-12\">\r\n                                        <div class=\"card border-0 shadow-sm p-3 rounded-2 shadow-sm bg-secondary-subtle\">\r\n                                            <div class=\"row gx-3 align-items-center\">\r\n                                                <div class=\"col-4 col-md-2\">\r\n                                                    <img decoding=\"async\" src=\"https:\/\/isf.gov.lb\/wp-content\/uploads\/2023\/09\/mobile-icon-2.png\" class=\"w-100 h-auto\">\r\n                                                <\/div>\r\n                                                <div class=\"col\">\r\n                                                    <p style=\"font-size:16px; direction:ltr;\"><strong>\u00a0Par rapport \u00e0 la police judiciaire :<\/strong><\/p>\n<ul>\n<li>Remplir les r\u00f4les de la police judiciaire<\/li>\n<li>Ex\u00e9cuter les assignations et les commissions rogatoires<\/li>\n<li>Ex\u00e9cuter les jugements et les mandats judiciaires<\/li>\n<\/ul>\n                                                <\/div>\r\n                                            <\/div>\r\n                                        <\/div>\r\n                                    <\/div>\r\n                                                            \r\n                                    <div class=\"col-12\">\r\n                                        <div class=\"card border-0 shadow-sm p-3 rounded-2 shadow-sm bg-secondary-subtle\">\r\n                                            <div class=\"row gx-3 align-items-center\">\r\n                                                <div class=\"col-4 col-md-2\">\r\n                                                    <img decoding=\"async\" src=\"https:\/\/isf.gov.lb\/wp-content\/uploads\/2023\/09\/mobile-icon-1.png\" class=\"w-100 h-auto\">\r\n                                                <\/div>\r\n                                                <div class=\"col\">\r\n                                                    <p style=\"font-size:16px; direction:ltr;\"><strong>Dans d\u2019autres domaines :<\/strong><\/p>\n<ul>\n<li>Supporter les pouvoirs publics pour accomplir leurs fonctions .<\/li>\n<li>Assurer la garde impos\u00e9e par les autorit\u00e9s comp\u00e9tentes\u00a0 pour prot\u00e9ger les directions et les institutions publiques .<\/li>\n<li>Assurer la garde et l\u2019administration des prisons, au cas \u00e9ch\u00e9ant .<\/li>\n<li>Assurer la garde des commissions diplomatiques au Liban<\/li>\n<\/ul>\n                                                <\/div>\r\n                                            <\/div>\r\n                                        <\/div>\r\n                                    <\/div>\r\n                                                                                    <\/div>\r\n                    <\/div>\r\n                    <div class=\"d-grid gap-2 d-md-block mt-4\">\r\n                        <a href=\"https:\/\/isf.gov.lb\/wp-content\/uploads\/2023\/09\/isf-hist-fr.pdf\" download target=\"_blank\" class=\"btn btn-primary fw-bold isf-btn-primary p-2 border-0 rounded-pill d-flex align-items-center justify-content-between\">\r\n                            <i class=\"bi bi-chevron-right me-4 opacity-0\"><\/i>\r\n                            T\u00e9l\u00e9charger la brochure                            <i class=\"bi bi-chevron-right ms-4\"><\/i>\r\n                        <\/a>\r\n                    <\/div>\r\n                <\/div>\r\n            <\/div>\r\n    <\/section>\r\n<script>\r\n    if (window.innerWidth <= 1080) {\r\n        document.getElementById(\"historicalInfoTiles\").classList.add('pt-4');\r\n    }\r\n<\/script>","protected":false},"excerpt":{"rendered":"","protected":false},"author":1,"featured_media":0,"parent":0,"menu_order":0,"comment_status":"closed","ping_status":"closed","template":"blocks-pages.php","meta":{"_monsterinsights_skip_tracking":false,"_monsterinsights_sitenote_active":false,"_monsterinsights_sitenote_note":"","_monsterinsights_sitenote_category":0,"footnotes":""},"class_list":["post-1874","page","type-page","status-publish","hentry"],"acf":[],"_links":{"self":[{"href":"https:\/\/isf.gov.lb\/fr\/wp-json\/wp\/v2\/pages\/1874","targetHints":{"allow":["GET"]}}],"collection":[{"href":"https:\/\/isf.gov.lb\/fr\/wp-json\/wp\/v2\/pages"}],"about":[{"href":"https:\/\/isf.gov.lb\/fr\/wp-json\/wp\/v2\/types\/page"}],"author":[{"embeddable":true,"href":"https:\/\/isf.gov.lb\/fr\/wp-json\/wp\/v2\/users\/1"}],"replies":[{"embeddable":true,"href":"https:\/\/isf.gov.lb\/fr\/wp-json\/wp\/v2\/comments?post=1874"}],"version-history":[{"count":9,"href":"https:\/\/isf.gov.lb\/fr\/wp-json\/wp\/v2\/pages\/1874\/revisions"}],"predecessor-version":[{"id":7696,"href":"https:\/\/isf.gov.lb\/fr\/wp-json\/wp\/v2\/pages\/1874\/revisions\/7696"}],"wp:attachment":[{"href":"https:\/\/isf.gov.lb\/fr\/wp-json\/wp\/v2\/media?parent=1874"}],"curies":[{"name":"wp","href":"https:\/\/api.w.org\/{rel}","templated":true}]}}